{"id":4880,"date":"2021-04-08T06:23:49","date_gmt":"2021-04-08T06:23:49","guid":{"rendered":"http:\/\/mytrafficticktes.psz.netsmartz.us\/?page_id=3940"},"modified":"2021-07-15T11:05:04","modified_gmt":"2021-07-15T11:05:04","slug":"highlands","status":"publish","type":"page","link":"https:\/\/mytraffictickets.com\/es\/highlands\/","title":{"rendered":"Highlands"},"content":{"rendered":"<div class=\"section\">\n<div class=\"bg-pink\">\n<div class=\"container\">\n<div class=\"row\">\n<div class=\"col-md-12\">\n<h2 style=\"padding-top: 25px;\">My Traffic Tickets Has the Best Traffic Violation Attorneys in Highlands<\/h2>\n<\/div>\n<\/div>\n<\/div>\n<\/div>\n<div class=\"wp-introduction\">\n<div class=\"container\">\n<div class=\"row\">\n<div class=\"col-md-7\">\n<div class=\"intro-content\"><!--\n\n\n<h3>Houston Traffic Ticket Lawyers<\/h3>\n\n\n--><br \/>\nThanks to our experienced team of traffic violation attorneys, My Traffic Tickets uses its combined experience of more than a decade in this business to help our clients find solutions to the toughest of the challenges and determine what is going to work the best for them and what will not. All the attorneys on our team are strongly determined about helping out our customers in every possible way be it getting your tickets dismissed and going to the court on your behalf or making sure no points are added to your driving record and ensuring your insurance premiums do not increase!<\/p>\n<p>The best part is, we will do all this and more while also keeping you updated on the status of your case. Why? We have been in the business long enough to understand how annoying not knowing the position of your traffic ticket case can get. We have handled more than 100,000 traffic tickets since our inception and we do not plan on stopping anytime soon. Our <a class=\"smplink\" href=\"https:\/\/mytraffictickets.com\/es\/service\/\">traffic violation ticket attorney<\/a> in Highlands can help you with all kinds of traffic offenses including speeding, DUIs, running a red light, and the list does not end here.<\/p>\n<p>It is no surprise that facing a traffic ticket without professional representation can impact your driver\u2019s license in a terrible way and that is exactly why we advise you sit back and relax while our experts handle it for you. We have come a long way since My Traffic Ticket\u2019s inception in the year 2014 helping hundreds and thousands of clients by getting their speeding tickets dismissed completely and are extremely proud of our incredible journey so far.<\/p>\n<p>Reach out to us to let us help you out in getting your traffic ticket in Highlands dismissed!<\/p>\n<\/div>\n<\/div>\n<div class=\"col-md-5\">\n<figure class=\"ticket-cars\" style=\"margin-top: 27px;\">\n<img decoding=\"async\" src=\"\/wp-content\/uploads\/2021\/04\/6.jpg\" alt=\"MTT Image\"><\/figure>\n<\/div>\n<\/div>\n<\/div>\n<div id=\"carousel\" class=\"testimonial\">\n<div class=\"slideshow-container\">\n<div class=\"row\">\n<div class=\"col-md-12\">\n<h2>Por eso nuestra cliente nos elige.<\/h2>\n<\/div>\n<\/div>\n<\/div>\n<\/div>\n<div class=\"traffic-info\">\n<div class=\"container\">\n<div class=\"row\">\n<div class=\"col-md-12\">\n<div class=\"traffic-info-content\">\n<p>Con nuestra tasa de \u00e9xito combinada del 97% y el manejo de m\u00e1s de 100.000 infracciones de tr\u00e1fico, nos enorgullecemos de habernos ganado la lealtad y la confianza de nuestros clientes y clientes. \u00a1Perm\u00edtanos ayudarlo a que sus multas de tr\u00e1fico y \u00f3rdenes de arresto sean desestimadas hoy!<\/p>\n<h2>\u00a1Para obtener m\u00e1s informaci\u00f3n, marque 1-877-298-9099 ahora!<\/h2>\n<p><a href=\"https:\/\/mytraffictickets.com\/es\/login\/\"><i class=\"fa fa-smile-o\" aria-hidden=\"true\"><\/i> Luchemos contra tu boleto<\/a><\/p>\n<\/div>\n<\/div>\n<\/div>\n<\/div>\n<\/div>\n<\/div>\n<\/div>","protected":false},"excerpt":{"rendered":"<p>My Traffic Tickets Has the Best Traffic Violation Attorneys in Highlands Thanks to our experienced team of traffic violation attorneys, My Traffic Tickets uses its combined experience of more than a decade in this business to help our clients find solutions to the toughest of the challenges and determine what is going to work the [&hellip;]<\/p>","protected":false},"author":3,"featured_media":0,"parent":0,"menu_order":0,"comment_status":"closed","ping_status":"closed","template":"page-templates\/custom_temp.php","meta":{"_mi_skip_tracking":false,"_exactmetrics_sitenote_active":false,"_exactmetrics_sitenote_note":"","_exactmetrics_sitenote_category":0,"footnotes":""},"aioseo_notices":[],"_links":{"self":[{"href":"https:\/\/mytraffictickets.com\/es\/wp-json\/wp\/v2\/pages\/4880"}],"collection":[{"href":"https:\/\/mytraffictickets.com\/es\/wp-json\/wp\/v2\/pages"}],"about":[{"href":"https:\/\/mytraffictickets.com\/es\/wp-json\/wp\/v2\/types\/page"}],"author":[{"embeddable":true,"href":"https:\/\/mytraffictickets.com\/es\/wp-json\/wp\/v2\/users\/3"}],"replies":[{"embeddable":true,"href":"https:\/\/mytraffictickets.com\/es\/wp-json\/wp\/v2\/comments?post=4880"}],"version-history":[{"count":4,"href":"https:\/\/mytraffictickets.com\/es\/wp-json\/wp\/v2\/pages\/4880\/revisions"}],"predecessor-version":[{"id":5355,"href":"https:\/\/mytraffictickets.com\/es\/wp-json\/wp\/v2\/pages\/4880\/revisions\/5355"}],"wp:attachment":[{"href":"https:\/\/mytraffictickets.com\/es\/wp-json\/wp\/v2\/media?parent=4880"}],"curies":[{"name":"wp","href":"https:\/\/api.w.org\/{rel}","templated":true}]}}