{"id":4881,"date":"2021-04-08T06:30:16","date_gmt":"2021-04-08T06:30:16","guid":{"rendered":"http:\/\/mytrafficticktes.psz.netsmartz.us\/?page_id=3943"},"modified":"2021-07-15T11:06:01","modified_gmt":"2021-07-15T11:06:01","slug":"hilshire-village","status":"publish","type":"page","link":"https:\/\/mytraffictickets.com\/es\/hilshire-village\/","title":{"rendered":"Hilshire Village"},"content":{"rendered":"<div class=\"section\">\n<div class=\"bg-pink\">\n<div class=\"container\">\n<div class=\"row\">\n<div class=\"col-md-12\">\n<h2 style=\"padding-top: 25px;\">Fight A Ticket in Hilshire Village with the Bests in the Business<\/h2>\n<\/div>\n<\/div>\n<\/div>\n<\/div>\n<div class=\"wp-introduction\">\n<div class=\"container\">\n<div class=\"row\">\n<div class=\"col-md-7\">\n<div class=\"intro-content\"><!--\n\n\n<h3>Houston Traffic Ticket Lawyers<\/h3>\n\n\n--><br \/>\nOur team of most skilled traffic ticket attorneys in Hilshire Village is here to make fighting all kinds of traffic tickets easier for you. Our attorneys use the best of their experience to lessen the impact of any traffic ticket by a significant margin. Their understanding of the positives and negatives of a case is exponentially better than that of a common person and are very well capable of making better decisions confidently for the clients. We start by looking into every matter that comes our way seriously in an attempt to extract answers to the questions that are most likely to have a direct bearing on the case.<\/p>\n<p>Hiring a traffic ticket expert is the best way out especially when traffic tickets cases are something you have no idea about. Please know that even if a lawyer fails to eliminate all the consequences of a traffic ticket, they will ensure that the ticket is limited to producing a negligible negative effect.<\/p>\n<p>As far as traffic tickets are concerned, we can help you with just about everything including traffic ticket dismissals, keeping your driving record clean, avoiding insurance increases or any additional costs. Also, getting in touch with one of us is an easy 3-step process. Get started by submitting your traffic ticket information with us, getting a free quote, and hiring a <a class=\"smplink\" href=\"https:\/\/mytraffictickets.com\/es\/we-fight\/\">traffic violation ticket attorney<\/a>.<\/p>\n<p>Our team of traffic violation attorneys in Hilshire Village is well versed with the know-how of the field and has a huge satisfied clientele. We will also help you track the status of your traffic ticket at an unparalleled cost. For more information about the services we offer, locations we cover, and the company we keep, feel free to browse through the website.<\/p>\n<\/div>\n<\/div>\n<div class=\"col-md-5\">\n<figure class=\"ticket-cars\" style=\"margin-top: 27px;\">\n<img decoding=\"async\" src=\"\/wp-content\/uploads\/2021\/04\/1.jpg\" alt=\"MTT Image\"><\/figure>\n<\/div>\n<\/div>\n<\/div>\n<div id=\"carousel\" class=\"testimonial\">\n<div class=\"slideshow-container\">\n<div class=\"row\">\n<div class=\"col-md-12\">\n<h2>Por eso nuestra cliente nos elige.<\/h2>\n<\/div>\n<\/div>\n<\/div>\n<\/div>\n<div class=\"traffic-info\">\n<div class=\"container\">\n<div class=\"row\">\n<div class=\"col-md-12\">\n<div class=\"traffic-info-content\">\n<p>Con nuestra tasa de \u00e9xito combinada del 97% y el manejo de m\u00e1s de 100.000 infracciones de tr\u00e1fico, nos enorgullecemos de habernos ganado la lealtad y la confianza de nuestros clientes y clientes. \u00a1Perm\u00edtanos ayudarlo a que sus multas de tr\u00e1fico y \u00f3rdenes de arresto sean desestimadas hoy!<\/p>\n<h2>\u00a1Para obtener m\u00e1s informaci\u00f3n, marque 1-877-298-9099 ahora!<\/h2>\n<p><a href=\"https:\/\/mytraffictickets.com\/es\/login\/\"><i class=\"fa fa-smile-o\" aria-hidden=\"true\"><\/i> Luchemos contra tu boleto<\/a><\/p>\n<\/div>\n<\/div>\n<\/div>\n<\/div>\n<\/div>\n<\/div>\n<\/div>","protected":false},"excerpt":{"rendered":"<p>Fight A Ticket in Hilshire Village with the Bests in the Business Our team of most skilled traffic ticket attorneys in Hilshire Village is here to make fighting all kinds of traffic tickets easier for you. Our attorneys use the best of their experience to lessen the impact of any traffic ticket by a significant [&hellip;]<\/p>","protected":false},"author":3,"featured_media":0,"parent":0,"menu_order":0,"comment_status":"closed","ping_status":"closed","template":"page-templates\/custom_temp.php","meta":{"_mi_skip_tracking":false,"_exactmetrics_sitenote_active":false,"_exactmetrics_sitenote_note":"","_exactmetrics_sitenote_category":0,"footnotes":""},"aioseo_notices":[],"_links":{"self":[{"href":"https:\/\/mytraffictickets.com\/es\/wp-json\/wp\/v2\/pages\/4881"}],"collection":[{"href":"https:\/\/mytraffictickets.com\/es\/wp-json\/wp\/v2\/pages"}],"about":[{"href":"https:\/\/mytraffictickets.com\/es\/wp-json\/wp\/v2\/types\/page"}],"author":[{"embeddable":true,"href":"https:\/\/mytraffictickets.com\/es\/wp-json\/wp\/v2\/users\/3"}],"replies":[{"embeddable":true,"href":"https:\/\/mytraffictickets.com\/es\/wp-json\/wp\/v2\/comments?post=4881"}],"version-history":[{"count":3,"href":"https:\/\/mytraffictickets.com\/es\/wp-json\/wp\/v2\/pages\/4881\/revisions"}],"predecessor-version":[{"id":5356,"href":"https:\/\/mytraffictickets.com\/es\/wp-json\/wp\/v2\/pages\/4881\/revisions\/5356"}],"wp:attachment":[{"href":"https:\/\/mytraffictickets.com\/es\/wp-json\/wp\/v2\/media?parent=4881"}],"curies":[{"name":"wp","href":"https:\/\/api.w.org\/{rel}","templated":true}]}}