{"id":5052,"date":"2021-05-26T10:46:48","date_gmt":"2021-05-26T10:46:48","guid":{"rendered":"http:\/\/mytrafficticktes.psz.netsmartz.us\/?page_id=3988"},"modified":"2021-07-15T10:33:13","modified_gmt":"2021-07-15T10:33:13","slug":"cayuga-county","status":"publish","type":"page","link":"https:\/\/mytraffictickets.com\/es\/cayuga-county\/","title":{"rendered":"Cayuga County"},"content":{"rendered":"<div class=\"section\">\n<div class=\"bg-pink\">\n<div class=\"container\">\n<div class=\"row\">\n<div class=\"col-md-12\">\n<h2 style=\"padding-top: 25px;!important\"> Let the Experts at My Traffic Tickets Help You with Minimizing the Penalties of a Traffic Violation in Cayuga County<\/h2>\n<\/div>\n<\/div>\n<\/div>\n<\/div>\n<div class=\"wp-introduction\">\n<div class=\"container\">\n<div class=\"row\">\n<div class=\"col-md-7\">\n<div class=\"intro-content\">\n<!--\n\n\n<h3>Houston Traffic Ticket Lawyers<\/h3>\n\n\n--><br \/>\nIs \u2018traffic ticket lawyer near me\u2019 a part of your search engine history? If yes, My Traffic Tickets is just what you have been looking for all this while. From fines and points on your driving record and increased insurance premiums to license suspension and even imprisonment, we can help you get rid of all the consequences of getting caught committing a traffic violation in Cayuga County. Hire a traffic violation lawyer from My Traffic Tickets to handle the traffic ticket and protect your driving record at the most affordable price.<\/p>\n<p>We are here to help you connect with the most experienced traffic ticket lawyers in Cayuga County who use the best of their experience to dismiss the violations and keeping the ticket off your record.<\/p>\n<p>Over the years, we have dismissed hundreds and thousands of tickets involving all kinds of traffic violations ranging from speeding, running red lights, reckless driving, texting and driving, DUI\/DWI, to operating without insurance, failure to appear warrants and more. The entire team at My Traffic Tickets is dedicated towards the goal of making your traffic ticket problems as easy as possible no matter the nature of your traffic violation. Even if a violation requires you to make an appearance in the court, our attorneys in Cayuga County will take care of that too. The lawyers are here to answer all your queries related to <a href=\"\/es\/\" class=\"smplink\">how to fight a speeding ticket<\/a> and will also help you build a strong legal defense for it! We will also appear in the court on your behalf if needed.<\/p>\n<p>We look forward to helping you get your traffic tickets and warrants dismissed in the best way possible. Request a FREE quote today.<\/p>\n<p><!--Call us @ our toll-free for more info!<a href=\"tel:1-877-298-9099\">1-877-298-9099<\/a>\n\n--><\/p>\n<\/div>\n<\/div>\n<div class=\"col-md-5\">\n<figure class=\"ticket-cars\" style=\"margin-top: 27px;\"><br \/>\n<img decoding=\"async\" src=\"\/wp-content\/uploads\/2021\/05\/1-1.jpg\" alt=\"MTT Image\"><\/figure>\n<\/div>\n<\/div>\n<\/div>\n<div id=\"carousel\" class=\"testimonial\">\n<div class=\"slideshow-container\">\n<div class=\"row\">\n<div class=\"col-md-12\">\n<h2>Por eso nuestra cliente nos elige.<\/h2>\n<\/div>\n<\/div>\n<\/div>\n<\/div>\n<div class=\"traffic-info\">\n<div class=\"container\">\n<div class=\"row\">\n<div class=\"col-md-12\">\n<div class=\"traffic-info-content\">\n<p>Con nuestra tasa de \u00e9xito combinada del 97% y el manejo de m\u00e1s de 100.000 infracciones de tr\u00e1fico, nos enorgullecemos de habernos ganado la lealtad y la confianza de nuestros clientes y clientes. \u00a1Perm\u00edtanos ayudarlo a que sus multas de tr\u00e1fico y \u00f3rdenes de arresto sean desestimadas hoy!<\/p>\n<h2>\u00a1Para obtener m\u00e1s informaci\u00f3n, marque 1-877-298-9099 ahora!<\/h2>\n<p><a href=\"https:\/\/mytraffictickets.com\/es\/login\/\"><i class=\"fa fa-smile-o\" aria-hidden=\"true\"><\/i> Luchemos contra tu boleto<\/a><\/p>\n<\/div>\n<\/div>\n<\/div>\n<\/div>\n<\/div>\n<\/div>\n<\/div>","protected":false},"excerpt":{"rendered":"<p>Let the Experts at My Traffic Tickets Help You with Minimizing the Penalties of a Traffic Violation in Cayuga County Is \u2018traffic ticket lawyer near me\u2019 a part of your search engine history? If yes, My Traffic Tickets is just what you have been looking for all this while. From fines and points on your [&hellip;]<\/p>","protected":false},"author":3,"featured_media":0,"parent":0,"menu_order":0,"comment_status":"closed","ping_status":"closed","template":"page-templates\/custom_temp.php","meta":{"_mi_skip_tracking":false,"_exactmetrics_sitenote_active":false,"_exactmetrics_sitenote_note":"","_exactmetrics_sitenote_category":0,"footnotes":""},"aioseo_notices":[],"_links":{"self":[{"href":"https:\/\/mytraffictickets.com\/es\/wp-json\/wp\/v2\/pages\/5052"}],"collection":[{"href":"https:\/\/mytraffictickets.com\/es\/wp-json\/wp\/v2\/pages"}],"about":[{"href":"https:\/\/mytraffictickets.com\/es\/wp-json\/wp\/v2\/types\/page"}],"author":[{"embeddable":true,"href":"https:\/\/mytraffictickets.com\/es\/wp-json\/wp\/v2\/users\/3"}],"replies":[{"embeddable":true,"href":"https:\/\/mytraffictickets.com\/es\/wp-json\/wp\/v2\/comments?post=5052"}],"version-history":[{"count":2,"href":"https:\/\/mytraffictickets.com\/es\/wp-json\/wp\/v2\/pages\/5052\/revisions"}],"predecessor-version":[{"id":5340,"href":"https:\/\/mytraffictickets.com\/es\/wp-json\/wp\/v2\/pages\/5052\/revisions\/5340"}],"wp:attachment":[{"href":"https:\/\/mytraffictickets.com\/es\/wp-json\/wp\/v2\/media?parent=5052"}],"curies":[{"name":"wp","href":"https:\/\/api.w.org\/{rel}","templated":true}]}}