{"id":5053,"date":"2021-05-26T10:50:50","date_gmt":"2021-05-26T10:50:50","guid":{"rendered":"http:\/\/mytrafficticktes.psz.netsmartz.us\/?page_id=3990"},"modified":"2021-07-15T10:53:18","modified_gmt":"2021-07-15T10:53:18","slug":"elkhart-county","status":"publish","type":"page","link":"https:\/\/mytraffictickets.com\/es\/elkhart-county\/","title":{"rendered":"Elkhart County"},"content":{"rendered":"<div class=\"section\">\n<div class=\"bg-pink\">\n<div class=\"container\">\n<div class=\"row\">\n<div class=\"col-md-12\">\n<h2 style=\"padding-top: 25px;\">Find the Best Solutions to The Most Difficult Traffic Tickets in Elkhart County with My Traffic Tickets<\/h2>\n<\/div>\n<\/div>\n<\/div>\n<\/div>\n<div class=\"wp-introduction\">\n<div class=\"container\">\n<div class=\"row\">\n<div class=\"col-md-7\">\n<div class=\"intro-content\"><!--\n\n\n<h3>Houston Traffic Ticket Lawyers<\/h3>\n\n\n--><br \/>\nThe entire team of traffic violation ticket attorneys at My Traffic Tickets is strongly determined about helping out our clients and customers in Elkhart County in the best possible way whether it involves getting your tickets dismissed, going to the court on your behalf, making sure no points are added to your driving record, ensuring your insurance premiums do not increase, or simply keeping you updated on your case!<\/p>\n<p>We have the best team of <a class=\"smplink\" href=\"\/es\/\">traffic defense lawyers<\/a> nationwide who have handled more than 100,000 traffic violations and have helped thousands of motorists in and around Elkhart County get rid of their traffic tickets. We can unquestionably help you get the best outcome of all kinds of traffic tickets including speeding tickets, accident tickets, stop sign tickets, no insurance tickets, suspended \/ no driver\u2019s license, red light tickets, reckless driving, texting and driving, DUI\/DWI, CDL traffic tickets, failure to appear warrants, and more with great efficiency.<\/p>\n<p>We are well-versed with the traffic system in Elkhart County and know exactly what works and what does not, allowing us to create effective strategies that can be used in the court to beat not just a speeding ticket but all the other kinds of traffic ticket violations too. Hiring a traffic ticket lawyer in Elkhart County from My Traffic Tickets is sure to save you a lot of time as well since our attorneys are very well capable of handling all these things on their own and you won\u2019t have to visit the attorney\u2019s office even once.<\/p>\n<p>We take great pride in making our traffic tickets dismissal services in Elkhart County affordable and easily accessible for everyone who might be in need. Feel free to request a quote.<\/p>\n<p><!--Call us @ our toll-free for more info!<a href=\"tel:1-877-298-9099\">1-877-298-9099<\/a>\n\n--><\/p>\n<\/div>\n<\/div>\n<div class=\"col-md-5\">\n<figure class=\"ticket-cars\" style=\"margin-top: 27px;\">\n<img decoding=\"async\" src=\"\/wp-content\/uploads\/2021\/05\/2-1.jpg\" alt=\"MTT Image\"><\/figure>\n<\/div>\n<\/div>\n<\/div>\n<div id=\"carousel\" class=\"testimonial\">\n<div class=\"slideshow-container\">\n<div class=\"row\">\n<div class=\"col-md-12\">\n<h2>Por eso nuestra cliente nos elige.<\/h2>\n<\/div>\n<\/div>\n<\/div>\n<\/div>\n<div class=\"traffic-info\">\n<div class=\"container\">\n<div class=\"row\">\n<div class=\"col-md-12\">\n<div class=\"traffic-info-content\">\n<p>Con nuestra tasa de \u00e9xito combinada del 97% y el manejo de m\u00e1s de 100.000 infracciones de tr\u00e1fico, nos enorgullecemos de habernos ganado la lealtad y la confianza de nuestros clientes y clientes. \u00a1Perm\u00edtanos ayudarlo a que sus multas de tr\u00e1fico y \u00f3rdenes de arresto sean desestimadas hoy!<\/p>\n<h2>\u00a1Para obtener m\u00e1s informaci\u00f3n, marque 1-877-298-9099 ahora!<\/h2>\n<p><a href=\"https:\/\/mytraffictickets.com\/es\/login\/\"><i class=\"fa fa-smile-o\" aria-hidden=\"true\"><\/i> Luchemos contra tu boleto<\/a><\/p>\n<\/div>\n<\/div>\n<\/div>\n<\/div>\n<\/div>\n<\/div>\n<\/div>","protected":false},"excerpt":{"rendered":"<p>Find the Best Solutions to The Most Difficult Traffic Tickets in Elkhart County with My Traffic Tickets The entire team of traffic violation ticket attorneys at My Traffic Tickets is strongly determined about helping out our clients and customers in Elkhart County in the best possible way whether it involves getting your tickets dismissed, going [&hellip;]<\/p>","protected":false},"author":3,"featured_media":0,"parent":0,"menu_order":0,"comment_status":"closed","ping_status":"closed","template":"page-templates\/custom_temp.php","meta":{"_mi_skip_tracking":false,"_exactmetrics_sitenote_active":false,"_exactmetrics_sitenote_note":"","_exactmetrics_sitenote_category":0,"footnotes":""},"aioseo_notices":[],"_links":{"self":[{"href":"https:\/\/mytraffictickets.com\/es\/wp-json\/wp\/v2\/pages\/5053"}],"collection":[{"href":"https:\/\/mytraffictickets.com\/es\/wp-json\/wp\/v2\/pages"}],"about":[{"href":"https:\/\/mytraffictickets.com\/es\/wp-json\/wp\/v2\/types\/page"}],"author":[{"embeddable":true,"href":"https:\/\/mytraffictickets.com\/es\/wp-json\/wp\/v2\/users\/3"}],"replies":[{"embeddable":true,"href":"https:\/\/mytraffictickets.com\/es\/wp-json\/wp\/v2\/comments?post=5053"}],"version-history":[{"count":3,"href":"https:\/\/mytraffictickets.com\/es\/wp-json\/wp\/v2\/pages\/5053\/revisions"}],"predecessor-version":[{"id":5349,"href":"https:\/\/mytraffictickets.com\/es\/wp-json\/wp\/v2\/pages\/5053\/revisions\/5349"}],"wp:attachment":[{"href":"https:\/\/mytraffictickets.com\/es\/wp-json\/wp\/v2\/media?parent=5053"}],"curies":[{"name":"wp","href":"https:\/\/api.w.org\/{rel}","templated":true}]}}