{"id":5054,"date":"2021-05-26T11:16:52","date_gmt":"2021-05-26T11:16:52","guid":{"rendered":"http:\/\/mytrafficticktes.psz.netsmartz.us\/?page_id=3994"},"modified":"2021-07-15T11:16:44","modified_gmt":"2021-07-15T11:16:44","slug":"league-city-county","status":"publish","type":"page","link":"https:\/\/mytraffictickets.com\/es\/league-city-county\/","title":{"rendered":"League City County"},"content":{"rendered":"<div class=\"section\">\n<div class=\"bg-pink\">\n<div class=\"container\">\n<div class=\"row\">\n<div class=\"col-md-12\">\n<h2 style=\"padding-top: 25px;!important\">Looking For the Best Traffic Ticket Attorney in League City County? You Are in The Right Place!<\/h2>\n<\/div>\n<\/div>\n<\/div>\n<\/div>\n<div class=\"wp-introduction\">\n<div class=\"container\">\n<div class=\"row\">\n<div class=\"col-md-7\">\n<div class=\"intro-content\">\n<!--\n\n\n<h3>Houston Traffic Ticket Lawyers<\/h3>\n\n\n--><br \/>\nWith the best <a href=\"https:\/\/mytraffictickets.com\/es\/we-fight\/failure-to-appear-warrants\/\" class=\"smplink\">traffic ticket warrant lawyers<\/a> onboard, My Traffic Tickets has to be your one-stop destination for all kinds of traffic tickets related needs in League City County. Our experts can help you get out clean from all kinds of traffic violations including but not limited to speeding violations, red light run out violations, distracted driving violations, illegal U-turn violations, and seat belt violations.<\/p>\n<p>The best thing about choosing My Traffic Tickets is that we are capable of carrying out the entire process of traffic violation dismissal without you having to visit our office or the court even once.<\/p>\n<p>We have been in this business for quite some time now and totally understand how important a commodity time is! In that order, we try our best to make sure that you do not have to waste your days in court. Hiring a lawyer for a traffic ticket will give you the time as well as the peace of mind to focus on other important things. Don\u2019t fall into the category of people who fall prey to paying off their traffic tickets without understanding that it could even mean a conviction against them! Once you join hands with a professional who could take complete responsibility of getting the best possible outcome of your traffic ticket case, you will never have to worry about facing any of the consequences of being issued a traffic ticket. <a href=\"https:\/\/mytraffictickets.com\/es\/we-fight\/speeding-tickets\/\" class=\"smplink\">Fighting a speeding ticket<\/a> has never been easier.<\/p>\n<p>The experienced attorneys at My Traffic Tickets can help you by removing all active warrants, keeping the points off your driving record, avoiding the suspension of a driver\u2019s license, and appearing in the court on your behalf among other ways. Get in touch to benefit from our experience of handling more than 100,000 traffic violations successfully.<\/p>\n<p>Solicite una cotizaci\u00f3n gratuita hoy.<\/p>\n<p><!--Call us @ our toll-free for more info!<a href=\"tel:1-877-298-9099\">1-877-298-9099<\/a>\n\n--><\/p>\n<\/div>\n<\/div>\n<div class=\"col-md-5\">\n<figure class=\"ticket-cars\" style=\"margin-top: 27px;\"><br \/>\n<img decoding=\"async\" src=\"\/wp-content\/uploads\/2021\/05\/4.jpg\" alt=\"MTT Image\"><\/figure>\n<\/div>\n<\/div>\n<\/div>\n<div id=\"carousel\" class=\"testimonial\">\n<div class=\"slideshow-container\">\n<div class=\"row\">\n<div class=\"col-md-12\">\n<h2>Por eso nuestra cliente nos elige.<\/h2>\n<\/div>\n<\/div>\n<\/div>\n<\/div>\n<div class=\"traffic-info\">\n<div class=\"container\">\n<div class=\"row\">\n<div class=\"col-md-12\">\n<div class=\"traffic-info-content\">\n<p>Con nuestra tasa de \u00e9xito combinada del 97% y el manejo de m\u00e1s de 100.000 infracciones de tr\u00e1fico, nos enorgullecemos de habernos ganado la lealtad y la confianza de nuestros clientes y clientes. \u00a1Perm\u00edtanos ayudarlo a que sus multas de tr\u00e1fico y \u00f3rdenes de arresto sean desestimadas hoy!<\/p>\n<h2>\u00a1Para obtener m\u00e1s informaci\u00f3n, marque 1-877-298-9099 ahora!<\/h2>\n<p><a href=\"https:\/\/mytraffictickets.com\/es\/login\/\"><i class=\"fa fa-smile-o\" aria-hidden=\"true\"><\/i> Luchemos contra tu boleto<\/a><\/p>\n<\/div>\n<\/div>\n<\/div>\n<\/div>\n<\/div>\n<\/div>\n<\/div>","protected":false},"excerpt":{"rendered":"<p>Looking For the Best Traffic Ticket Attorney in League City County? You Are in The Right Place! With the best traffic ticket warrant lawyers onboard, My Traffic Tickets has to be your one-stop destination for all kinds of traffic tickets related needs in League City County. Our experts can help you get out clean from [&hellip;]<\/p>","protected":false},"author":3,"featured_media":0,"parent":0,"menu_order":0,"comment_status":"closed","ping_status":"closed","template":"page-templates\/custom_temp.php","meta":{"_mi_skip_tracking":false,"_exactmetrics_sitenote_active":false,"_exactmetrics_sitenote_note":"","_exactmetrics_sitenote_category":0,"footnotes":""},"aioseo_notices":[],"_links":{"self":[{"href":"https:\/\/mytraffictickets.com\/es\/wp-json\/wp\/v2\/pages\/5054"}],"collection":[{"href":"https:\/\/mytraffictickets.com\/es\/wp-json\/wp\/v2\/pages"}],"about":[{"href":"https:\/\/mytraffictickets.com\/es\/wp-json\/wp\/v2\/types\/page"}],"author":[{"embeddable":true,"href":"https:\/\/mytraffictickets.com\/es\/wp-json\/wp\/v2\/users\/3"}],"replies":[{"embeddable":true,"href":"https:\/\/mytraffictickets.com\/es\/wp-json\/wp\/v2\/comments?post=5054"}],"version-history":[{"count":3,"href":"https:\/\/mytraffictickets.com\/es\/wp-json\/wp\/v2\/pages\/5054\/revisions"}],"predecessor-version":[{"id":5371,"href":"https:\/\/mytraffictickets.com\/es\/wp-json\/wp\/v2\/pages\/5054\/revisions\/5371"}],"wp:attachment":[{"href":"https:\/\/mytraffictickets.com\/es\/wp-json\/wp\/v2\/media?parent=5054"}],"curies":[{"name":"wp","href":"https:\/\/api.w.org\/{rel}","templated":true}]}}