{"id":5410,"date":"2021-07-19T09:36:44","date_gmt":"2021-07-19T09:36:44","guid":{"rendered":"http:\/\/mytrafficticktes.psz.netsmartz.us\/?page_id=4020"},"modified":"2021-07-27T08:45:12","modified_gmt":"2021-07-27T08:45:12","slug":"throckmorton-county","status":"publish","type":"page","link":"https:\/\/mytraffictickets.com\/es\/throckmorton-county\/","title":{"rendered":"Throckmorton County"},"content":{"rendered":"<div class=\"section\">\n<div class=\"bg-pink\">\n<div class=\"container\">\n<div class=\"row\">\n<div class=\"col-md-12\">\n<h2 style=\"padding-top: 25px;\"> <strong>My Traffic Tickets Has The Best Traffic Ticket Dismissal Lawyers In Throckmorton County<\/strong><\/h2>\n<\/div>\n<\/div>\n<\/div>\n<\/div>\n<div class=\"wp-introduction\">\n<div class=\"container\">\n<div class=\"row\">\n<div class=\"col-md-7\">\n<div class=\"intro-content\">\n<p>You\u2019ve been pulled over but aren\u2019t sure why. You don\u2019t think you did anything wrong and try to make the officer understand, but you still get a ticket anyway. If you have been in this situation in Throckmorton County, get in touch with us today!<\/p>\n<p>As one of the most trusted traffic ticket services in Throckmorton County, we understand both the financial and emotional ramifications of a traffic ticket that individuals &amp; their families have to deal with. The risk of license suspension, increase in insurance, hefty fines, and other associated costs can lead to a great deal of uncertainty, especially if you aren\u2019t quite sure if you should fight your ticket or not.<\/p>\n<p>With our expert traffic ticket dismissal lawyers by your side who can proactively handle your specific situation, you\u2019ll never regret your decision to fight your citation instead of simply paying the time. We can deal with all kinds of traffic tickets including accident tickets, stop sign tickets, no insurance tickets, suspended \/ no driver\u2019s license, speeding tickets, red light tickets, reckless driving, texting and driving, DUI\/DWI, CDL traffic tickets, failure to appear warrants, and more. With a success rate of 97%, we have handled more than 100,000 cases so far and strive to continue serving our clients the way we have been.<\/p>\n<p>To find out more about us or to request a FREE quote, feel free to get in touch by calling us @ 1-877-298-9099. We would be glad to assist you!<\/p>\n<p><!--Call us @ our toll-free for more info!<a href=\"tel:1-877-298-9099\">1-877-298-9099<\/a>\n\n--><\/p>\n<\/div>\n<\/div>\n<div class=\"col-md-5\">\n<figure class=\"ticket-cars\" style=\"margin-top: 27px;\">\n<img decoding=\"async\" alt=\"Throckmorton County\" src=\"\/wp-content\/uploads\/2020\/09\/austin.jpg\"><\/figure>\n<\/div>\n<\/div>\n<\/div>\n<div id=\"carousel\" class=\"testimonial\">\n<div class=\"slideshow-container\">\n<div class=\"row\">\n<div class=\"col-md-12\">\n<h2>Here&#8217;s why our customers choose us<\/h2>\n<\/div>\n<\/div>\n<\/div>\n<\/div>\n<div class=\"traffic-info\">\n<div class=\"container\">\n<div class=\"row\">\n<div class=\"col-md-12\">\n<div class=\"traffic-info-content\">\n<p>Con nuestra tasa de \u00e9xito combinada del 97% y el manejo de m\u00e1s de 100.000 infracciones de tr\u00e1fico, nos enorgullecemos de habernos ganado la lealtad y la confianza de nuestros clientes y clientes. \u00a1Perm\u00edtanos ayudarlo a que sus multas de tr\u00e1fico y \u00f3rdenes de arresto sean desestimadas hoy!<\/p>\n<h2>\u00a1Para obtener m\u00e1s informaci\u00f3n, marque 1-877-298-9099 ahora!<\/h2>\n<p><a href=\"https:\/\/mytraffictickets.com\/es\/login\/\"><i class=\"fa fa-smile-o\" aria-hidden=\"true\"><\/i> Luchemos contra tu boleto<\/a><\/p>\n<\/div>\n<\/div>\n<\/div>\n<\/div>\n<\/div>\n<\/div>\n<\/div>","protected":false},"excerpt":{"rendered":"<p>My Traffic Tickets Has The Best Traffic Ticket Dismissal Lawyers In Throckmorton County You\u2019ve been pulled over but aren\u2019t sure why. You don\u2019t think you did anything wrong and try to make the officer understand, but you still get a ticket anyway. If you have been in this situation in Throckmorton County, get in touch [&hellip;]<\/p>","protected":false},"author":3,"featured_media":0,"parent":0,"menu_order":0,"comment_status":"closed","ping_status":"closed","template":"page-templates\/custom_temp.php","meta":{"_mi_skip_tracking":false,"_exactmetrics_sitenote_active":false,"_exactmetrics_sitenote_note":"","_exactmetrics_sitenote_category":0,"footnotes":""},"aioseo_notices":[],"_links":{"self":[{"href":"https:\/\/mytraffictickets.com\/es\/wp-json\/wp\/v2\/pages\/5410"}],"collection":[{"href":"https:\/\/mytraffictickets.com\/es\/wp-json\/wp\/v2\/pages"}],"about":[{"href":"https:\/\/mytraffictickets.com\/es\/wp-json\/wp\/v2\/types\/page"}],"author":[{"embeddable":true,"href":"https:\/\/mytraffictickets.com\/es\/wp-json\/wp\/v2\/users\/3"}],"replies":[{"embeddable":true,"href":"https:\/\/mytraffictickets.com\/es\/wp-json\/wp\/v2\/comments?post=5410"}],"version-history":[{"count":2,"href":"https:\/\/mytraffictickets.com\/es\/wp-json\/wp\/v2\/pages\/5410\/revisions"}],"predecessor-version":[{"id":5534,"href":"https:\/\/mytraffictickets.com\/es\/wp-json\/wp\/v2\/pages\/5410\/revisions\/5534"}],"wp:attachment":[{"href":"https:\/\/mytraffictickets.com\/es\/wp-json\/wp\/v2\/media?parent=5410"}],"curies":[{"name":"wp","href":"https:\/\/api.w.org\/{rel}","templated":true}]}}