{"id":5411,"date":"2021-07-19T10:09:04","date_gmt":"2021-07-19T10:09:04","guid":{"rendered":"http:\/\/mytrafficticktes.psz.netsmartz.us\/?page_id=4033"},"modified":"2021-08-19T11:44:48","modified_gmt":"2021-08-19T11:44:48","slug":"yoakum-county","status":"publish","type":"page","link":"https:\/\/mytraffictickets.com\/es\/tx\/yoakum-county\/","title":{"rendered":"Yoakum County"},"content":{"rendered":"<div class=\"section\">\n<div class=\"bg-pink\">\n<div class=\"container\">\n<div class=\"row\">\n<div class=\"col-md-12\">\n<h2 style=\"padding-top: 25px;\">Benefit From Our Experience Of Fighting Traffic Tickets In Yoakum County Municipal Court<\/h2>\n<\/div>\n<\/div>\n<\/div>\n<\/div>\n<div class=\"wp-introduction\">\n<div class=\"container\">\n<div class=\"row\">\n<div class=\"col-md-7\">\n<div class=\"intro-content\">\n<p><!--\n\n\n<h3>Houston Traffic Ticket Lawyers<\/h3>\n\n\n--><br \/>\nThe expert lawyers at My Traffic Tickets in Yoakum County are here to make fighting a speeding ticket easier for you. Our attorneys use their experience to lessen the impact of any traffic ticket by a significant margin. They not only have a greater understanding of the positives and negatives of a case than a common person but also are well capable of making better decisions confidently for the clients. We start by looking into every matter that comes our way seriously to extract answers to the questions that are most likely to have a direct bearing on the case. We have successfully fought traffic tickets in Yoakum County Municipal Court for over a decade, boasting a 97% success rate.<\/p>\n<p>Hiring a traffic ticket expert from My Traffic Tickets for your Yoakum County ticket is the best way to ensure the best possible outcome for your case. Please know that even if a lawyer fails to eliminate all the consequences of a traffic ticket, they will ensure that they are limited to producing a negligible negative effect.<\/p>\n<p>You can reach out to an attorney with My Traffic Tickets for ticket dismissals, keeping your driving record clean, avoiding insurance increases or any additional costs. Getting in touch with one of us is just a 3-step process that includes submitting your traffic ticket information with us, getting a free quote, and hiring a lawyer.<\/p>\n<p>Our team of traffic violation attorneys in Yoakum County is well versed with the know-how of the field. We will also help you track the status of your traffic ticket at an unparalleled cost. For more information about the services we offer, locations we cover, and the company we keep, feel free to browse through the website.<\/p>\n<p>Request a FREE quote today.<\/p>\n<p><!--Call us @ our toll-free for more info!<a href=\"tel:1-877-298-9099\">1-877-298-9099<\/a>\n\n--><\/p>\n<\/div>\n<\/div>\n<div class=\"col-md-5\">\n<figure class=\"ticket-cars\" style=\"margin-top: 27px;\"><img decoding=\"async\" src=\"\/wp-content\/uploads\/2021\/05\/2-1.jpg\" alt=\"yoakum County\" \/><\/figure>\n<\/div>\n<\/div>\n<\/div>\n<\/div>\n<div class=\"wp-traffic\">\n<div class=\"container\">\n<div class=\"row\">\n<div class=\"col-md-8\">\n<div class=\"main-wp-content\">\n<h2>\u00bfTiene una orden judicial del condado de Harris por no comparecer ante el tribunal? \u00a1Podemos ayudar con eso!<\/h2>\n<ul class=\"traffic-ul\">\n<li>Eliminar todas las garant\u00edas activas<\/li>\n<li>Mantenga las entradas fuera de su registro<\/li>\n<li>Evite la suspensi\u00f3n de la licencia de conducir<\/li>\n<li>Comparecer ante el tribunal en su nombre<\/li>\n<\/ul>\n<p><a href=\"https:\/\/mytraffictickets.com\/es\/login\/\">CONSIGUE UNA <br>COTIZACI\u00d3Ns<\/a><\/p>\n<\/div>\n<\/div>\n<div class=\"col-md-4\">\n<figure class=\"ticket-cars\"><img decoding=\"async\" alt=\"warrant\" src=\"\/wp-content\/themes\/sydney-child\/img\/warrant.png\" \/><\/figure>\n<\/div>\n<\/div>\n<\/div>\n<\/div>\n<div class=\"wp-introduction\">\n<div class=\"container\">\n<div class=\"row\">\n<div class=\"col-md-12\">\n<div class=\"intro-content\">\n<h2 class=\"text-center\" style=\"padding-top: 10px;\">\u00bfEs usted un conductor comercial (CDL) con una multa de tr\u00e1fico?<\/h2>\n<div class=\"col-md-8\">\n<p>Como conductor comercial, entendemos la importancia de mantener un historial de conducci\u00f3n limpio y no tener puntos en contra de su licencia. Es por eso que nuestros mejores abogados de multas de tr\u00e1fico tienen d\u00e9cadas de experiencia en la lucha contra las multas de CDL. Si un conductor de CDL recibe condenas en su expediente, puede resultar en:<\/p>\n<ul>\n<li>P\u00e9rdida de CDL<\/li>\n<li>Puede perder su trabajo<\/li>\n<li>Es posible que no pueda encontrar trabajo<\/li>\n<li>Mayores tarifas de seguros<\/li>\n<\/ul>\n<p>Por eso es extremadamente importante para los conductores comerciales luchar contra todas sus multas de tr\u00e1fico.<\/p>\n<\/div>\n<div class=\"col-md-4\">\n<figure class=\"ticket-cars\"><img decoding=\"async\" alt=\"commercial\" src=\"\/wp-content\/themes\/sydney-child\/img\/commercial-truck.png\" \/><\/figure>\n<\/div>\n<\/div>\n<\/div>\n<\/div>\n<\/div>\n<\/div>\n<div id=\"carousel\" class=\"testimonial\">\n<div class=\"slideshow-container\">\n<div class=\"row\">\n<div class=\"col-md-12\">\n<h2>Por eso nuestra cliente nos elige.<\/h2>\n<div class=\"mySlides\">\n<h2>Gran servicio y muy exitosa<\/h2>\n<p><q>Gran servicio y muy exitoso, tuve dos tickets y fueron despedidos. El equipo y los abogados son geniales. \u00a1\u00a1\u00a1Recomendar\u00eda esta compa\u00f1\u00eda a cualquiera!!! San Antonio, Texas.<\/q><\/p>\n<p class=\"author\">Beverly D.<\/p>\n<\/div>\n<div class=\"mySlides\">\n<p><q>Esta empresa tiene 5 estrellas en todos los sentidos y a un costo razonable. Hay muchas opciones en Internet, pero si desea obtener resultados, use My Traffic Tickets para sus encuentros con la polic\u00eda y la corte.<\/q><\/p>\n<p class=\"author\">Kenneth C.<\/p>\n<\/div>\n<div class=\"mySlides\">\n<p><q>Me ahorr\u00e9 m\u00e1s de $ 400, un viaje fuera de la ciudad, un d\u00eda libre en el trabajo y ni siquiera est\u00e1 en mi historial de manejo. \u00a1\u00a1Gracias!!<\/q><\/p>\n<p class=\"author\">Evelyn F .<\/p>\n<\/div>\n<div class=\"quotes-icon\">\n<div class=\"left-icon\"><\/div>\n<div class=\"right-icon\"><\/div>\n<\/div>\n<div class=\"dot-container\"><\/div>\n<\/div>\n<\/div>\n<\/div>\n<\/div>\n<div class=\"traffic-info\">\n<div class=\"container\">\n<div class=\"row\">\n<div class=\"col-md-12\">\n<div class=\"traffic-info-content\">\n<p>Con nuestra tasa de \u00e9xito combinada del 97% y el manejo de m\u00e1s de 100.000 infracciones de tr\u00e1fico, nos enorgullecemos de habernos ganado la lealtad y la confianza de nuestros clientes y clientes. \u00a1Perm\u00edtanos ayudarlo a que sus multas de tr\u00e1fico y \u00f3rdenes de arresto sean desestimadas hoy!<\/p>\n<h2>\u00a1Para obtener m\u00e1s informaci\u00f3n, marque 1-877-298-9099 ahora!<\/h2>\n<p><a href=\"https:\/\/mytraffictickets.com\/es\/login\/\"><i class=\"fa fa-smile-o\" aria-hidden=\"true\"><\/i> Luchemos contra tu boleto<\/a><\/p>\n<\/div>\n<\/div>\n<\/div>\n<\/div>\n<\/div>\n<p><!-- \/wp:html --><\/p>\n<\/div>","protected":false},"excerpt":{"rendered":"<p>Benefit From Our Experience Of Fighting Traffic Tickets In Yoakum County Municipal Court The expert lawyers at My Traffic Tickets in Yoakum County are here to make fighting a speeding ticket easier for you. Our attorneys use their experience to lessen the impact of any traffic ticket by a significant margin. They not only have [&hellip;]<\/p>","protected":false},"author":3,"featured_media":0,"parent":1643,"menu_order":0,"comment_status":"closed","ping_status":"closed","template":"page-templates\/custom_temp.php","meta":{"_mi_skip_tracking":false,"_exactmetrics_sitenote_active":false,"_exactmetrics_sitenote_note":"","_exactmetrics_sitenote_category":0,"footnotes":""},"aioseo_notices":[],"_links":{"self":[{"href":"https:\/\/mytraffictickets.com\/es\/wp-json\/wp\/v2\/pages\/5411"}],"collection":[{"href":"https:\/\/mytraffictickets.com\/es\/wp-json\/wp\/v2\/pages"}],"about":[{"href":"https:\/\/mytraffictickets.com\/es\/wp-json\/wp\/v2\/types\/page"}],"author":[{"embeddable":true,"href":"https:\/\/mytraffictickets.com\/es\/wp-json\/wp\/v2\/users\/3"}],"replies":[{"embeddable":true,"href":"https:\/\/mytraffictickets.com\/es\/wp-json\/wp\/v2\/comments?post=5411"}],"version-history":[{"count":5,"href":"https:\/\/mytraffictickets.com\/es\/wp-json\/wp\/v2\/pages\/5411\/revisions"}],"predecessor-version":[{"id":5748,"href":"https:\/\/mytraffictickets.com\/es\/wp-json\/wp\/v2\/pages\/5411\/revisions\/5748"}],"up":[{"embeddable":true,"href":"https:\/\/mytraffictickets.com\/es\/wp-json\/wp\/v2\/pages\/1643"}],"wp:attachment":[{"href":"https:\/\/mytraffictickets.com\/es\/wp-json\/wp\/v2\/media?parent=5411"}],"curies":[{"name":"wp","href":"https:\/\/api.w.org\/{rel}","templated":true}]}}