{"id":5414,"date":"2021-07-19T10:21:12","date_gmt":"2021-07-19T10:21:12","guid":{"rendered":"http:\/\/mytrafficticktes.psz.netsmartz.us\/?page_id=4039"},"modified":"2021-07-27T08:40:35","modified_gmt":"2021-07-27T08:40:35","slug":"midland-county","status":"publish","type":"page","link":"https:\/\/mytraffictickets.com\/es\/midland-county\/","title":{"rendered":"Midland County"},"content":{"rendered":"<div class=\"section\">\n<div class=\"bg-pink\">\n<div class=\"container\">\n<div class=\"row\">\n<div class=\"col-md-12\">\n<h2 style=\"padding-top: 25px;\">Our Midland County Traffic Ticket Lawyers Are Experienced Handling Thousands Of Tickets<\/h2>\n<\/div>\n<\/div>\n<\/div>\n<\/div>\n<div class=\"wp-introduction\">\n<div class=\"container\">\n<div class=\"row\">\n<div class=\"col-md-7\">\n<div class=\"intro-content\"><!--\n\n\n<h3>Houston Traffic Ticket Lawyers<\/h3>\n\n\n--><br \/>\nMy Traffic Tickets boasts its experienced team of traffic ticket lawyers with great pride. Our combined years of experience allows us to find the best solutions to even the toughest traffic ticket defense situations. We are strongly determined to help you out in every way possible, whether it&#8217;s getting your tickets dismissed, going to the court on your behalf, making sure no points are added to your driving record, ensuring your insurance premiums do not increase, or simply keeping you updated on your case!&nbsp;<\/p>\n<p>We completely understand how bothersome it is not knowing the status of your traffic ticket case. So, we fixed that! You can login to your MTT account at any time to see the status of your case. Hiring an expert Midland County traffic ticket attorney from My Traffic Tickets ensures you are doing everything you can to keep your ticket off the record.<\/p>\n<p>Over the years, our prime traffic ticket defense lawyers have handled more than 100,000 traffic violations with a combined 97% success rate and have helped thousands of motorists in and around Midland County charged with all types of traffic offenses. We are capable of dealing with all kinds of traffic tickets including speeding tickets, accident tickets, stop sign tickets, no insurance tickets, suspended \/ no driver\u2019s license, red light tickets, reckless driving, texting and driving, DUI\/DWI, CDL traffic tickets, failure to appear warrants, and more with great efficiency.<\/p>\n<p>We look forward to fighting your traffic ticket and getting you the best outcome possible!<\/p>\n<p><!--Call us @ our toll-free for more info!<a href=\"tel:1-877-298-9099\">1-877-298-9099<\/a>\n\n--><\/p>\n<\/div>\n<\/div>\n<div class=\"col-md-5\">\n<figure class=\"ticket-cars\" style=\"margin-top: 27px;\">\n<img decoding=\"async\" alt=\"midland County\" src=\"\/wp-content\/uploads\/2021\/05\/5.jpg\"><\/figure>\n<\/div>\n<\/div>\n<\/div>\n<div id=\"carousel\" class=\"testimonial\">\n<div class=\"slideshow-container\">\n<div class=\"row\">\n<div class=\"col-md-12\">\n<h2>Por eso nuestra cliente nos elige.<\/h2>\n<\/div>\n<\/div>\n<\/div>\n<\/div>\n<div class=\"traffic-info\">\n<div class=\"container\">\n<div class=\"row\">\n<div class=\"col-md-12\">\n<div class=\"traffic-info-content\">\n<p>Con nuestra tasa de \u00e9xito combinada del 97% y el manejo de m\u00e1s de 100.000 infracciones de tr\u00e1fico, nos enorgullecemos de habernos ganado la lealtad y la confianza de nuestros clientes y clientes. \u00a1Perm\u00edtanos ayudarlo a que sus multas de tr\u00e1fico y \u00f3rdenes de arresto sean desestimadas hoy!<\/p>\n<h2>\u00a1Para obtener m\u00e1s informaci\u00f3n, marque 1-877-298-9099 ahora!<\/h2>\n<p><a href=\"https:\/\/mytraffictickets.com\/es\/login\/\"><i class=\"fa fa-smile-o\" aria-hidden=\"true\"><\/i> Luchemos contra tu boleto<\/a><\/p>\n<\/div>\n<\/div>\n<\/div>\n<\/div>\n<\/div>\n<\/div>\n<\/div>","protected":false},"excerpt":{"rendered":"<p>Our Midland County Traffic Ticket Lawyers Are Experienced Handling Thousands Of Tickets My Traffic Tickets boasts its experienced team of traffic ticket lawyers with great pride. Our combined years of experience allows us to find the best solutions to even the toughest traffic ticket defense situations. We are strongly determined to help you out in [&hellip;]<\/p>","protected":false},"author":3,"featured_media":0,"parent":0,"menu_order":0,"comment_status":"closed","ping_status":"closed","template":"page-templates\/custom_temp.php","meta":{"_mi_skip_tracking":false,"_exactmetrics_sitenote_active":false,"_exactmetrics_sitenote_note":"","_exactmetrics_sitenote_category":0,"footnotes":""},"aioseo_notices":[],"_links":{"self":[{"href":"https:\/\/mytraffictickets.com\/es\/wp-json\/wp\/v2\/pages\/5414"}],"collection":[{"href":"https:\/\/mytraffictickets.com\/es\/wp-json\/wp\/v2\/pages"}],"about":[{"href":"https:\/\/mytraffictickets.com\/es\/wp-json\/wp\/v2\/types\/page"}],"author":[{"embeddable":true,"href":"https:\/\/mytraffictickets.com\/es\/wp-json\/wp\/v2\/users\/3"}],"replies":[{"embeddable":true,"href":"https:\/\/mytraffictickets.com\/es\/wp-json\/wp\/v2\/comments?post=5414"}],"version-history":[{"count":2,"href":"https:\/\/mytraffictickets.com\/es\/wp-json\/wp\/v2\/pages\/5414\/revisions"}],"predecessor-version":[{"id":5531,"href":"https:\/\/mytraffictickets.com\/es\/wp-json\/wp\/v2\/pages\/5414\/revisions\/5531"}],"wp:attachment":[{"href":"https:\/\/mytraffictickets.com\/es\/wp-json\/wp\/v2\/media?parent=5414"}],"curies":[{"name":"wp","href":"https:\/\/api.w.org\/{rel}","templated":true}]}}