{"id":5415,"date":"2021-07-19T10:31:22","date_gmt":"2021-07-19T10:31:22","guid":{"rendered":"http:\/\/mytrafficticktes.psz.netsmartz.us\/?page_id=4041"},"modified":"2021-08-19T12:19:29","modified_gmt":"2021-08-19T12:19:29","slug":"nueces-county","status":"publish","type":"page","link":"https:\/\/mytraffictickets.com\/es\/tx\/nueces-county\/","title":{"rendered":"Nueces County"},"content":{"rendered":"<div class=\"section\">\n<div class=\"bg-pink\">\n<div class=\"container\">\n<div class=\"row\">\n<div class=\"col-md-12\">\n<h2 style=\"padding-top: 25px;!important\">Experienced Traffic Ticket Experts To Help You Fight The Consequences Of Traffic Tickets In Nueces County<\/h2>\n<\/div>\n<\/div>\n<\/div>\n<\/div>\n<div class=\"wp-introduction\">\n<div class=\"container\">\n<div class=\"row\">\n<div class=\"col-md-7\">\n<div class=\"intro-content\">\n<!--\n\n\n<h3>Houston Traffic Ticket Lawyers<\/h3>\n\n\n--><br \/>\nOur top experienced Nueces County traffic ticket lawyers will fight to keep your ticket off your driving record and will appear in court on your behalf. The affordable price for a traffic ticket attorney in Nueces County depends upon a variety of factors such as the location of your ticket, the number of violations, the type of ticket you have, or the difficulty of your ticket.<\/p>\n<p>You must be aware of the fact that most states in the US keep track of convictions on tickets using a point system and driving records, and Texas is no different. Our experienced team of <a href=\"\/es\/\" class=\"smplink\">traffic ticket dismissal lawyers<\/a> have expertise and knowledge about the traffic system in Nueces and know exactly what works and what does not. They can create effective strategies that can be used in the court to beat not just a speeding ticket but all the other kinds of traffic ticket violations too.<\/p>\n<p>Only experienced lawyers such as the ones at My Traffic Tickets can keep you from paying increased insurance premiums, paying heavy fines in the form of DMV surcharges, suspension of your drivers\u2019 license, appearing in the court, and others.<\/p>\n<p>Hiring a traffic ticket lawyer from My Traffic Tickets saves you a lot of time as well since our attorneys are very well capable of handling all these things on their own. The best part is there is no need to visit an attorney\u2019s office when you use My Traffic Tickets. We take great pride in making our traffic tickets dismissal services in Nueces County affordable and easily accessible for everyone who might be in need.<\/p>\n<p>Request a quote today.<\/p>\n<p><!--Call us @ our toll-free for more info!<a href=\"tel:1-877-298-9099\">1-877-298-9099<\/a>\n\n--><\/p>\n<\/div>\n<\/div>\n<div class=\"col-md-5\">\n<figure class=\"ticket-cars\" style=\"margin-top: 27px;\"><br \/>\n<img decoding=\"async\" alt=\"Nueces County\" src=\"\/wp-content\/uploads\/2021\/05\/1-1.jpg\"><\/figure>\n<\/div>\n<\/div>\n<\/div>\n<\/div>\n<div class=\"wp-traffic\">\n<div class=\"container\">\n<div class=\"row\">\n<div class=\"col-md-8\">\n<div class=\"main-wp-content\">\n<h2>\u00bfTiene una orden judicial del condado de Harris por no comparecer ante el tribunal? \u00a1Podemos ayudar con eso!<\/h2>\n<ul class=\"traffic-ul\">\n<li>Eliminar todas las garant\u00edas activas<\/li>\n<li>Mantenga las entradas fuera de su registro<\/li>\n<li>Evite la suspensi\u00f3n de la licencia de conducir<\/li>\n<li>Comparecer ante el tribunal en su nombre<\/li>\n<\/ul>\n<p><a href=\"https:\/\/mytraffictickets.com\/es\/login\/\">CONSIGUE UNA <br>COTIZACI\u00d3Ns<\/a><\/div>\n<\/div>\n<div class=\"col-md-4\">\n<figure class=\"ticket-cars\"><img decoding=\"async\" alt=\"warramt\" src=\"\/wp-content\/themes\/sydney-child\/img\/warrant.png\" \/><\/figure>\n<\/div>\n<\/div>\n<\/div>\n<\/div>\n<div class=\"wp-introduction\">\n<div class=\"container\">\n<div class=\"row\">\n<div class=\"col-md-12\">\n<div class=\"intro-content\">\n<h2 class=\"text-center\" style=\"padding-top: 10px;\">\u00bfEs usted un conductor comercial (CDL) con una multa de tr\u00e1fico?<\/h2>\n<div class=\"col-md-8\">Como conductor comercial, entendemos la importancia de mantener un historial de conducci\u00f3n limpio y no tener puntos en contra de su licencia. Es por eso que nuestros mejores abogados de multas de tr\u00e1fico tienen d\u00e9cadas de experiencia en la lucha contra las multas de CDL. Si un conductor de CDL recibe condenas en su expediente, puede resultar en:<\/p>\n<ul>\n<li>P\u00e9rdida de CDL<\/li>\n<li>Puede perder su trabajo<\/li>\n<li>Es posible que no pueda encontrar trabajo<\/li>\n<li>Mayores tarifas de seguros<\/li>\n<\/ul>\n<p>Por eso es extremadamente importante para los conductores comerciales luchar contra todas sus multas de tr\u00e1fico.<\/p><\/div>\n<div class=\"col-md-4\">\n<figure class=\"ticket-cars\"><img decoding=\"async\" alt=\"commercial-truck\" src=\"\/wp-content\/themes\/sydney-child\/img\/commercial-truck.png\" \/><\/figure>\n<\/div>\n<\/div>\n<\/div>\n<\/div>\n<\/div>\n<\/div>\n<div id=\"carousel\" class=\"testimonial\">\n<div class=\"slideshow-container\">\n<div class=\"row\">\n<div class=\"col-md-12\">\n<h2>Por eso nuestra cliente nos elige.<\/h2>\n<div class=\"mySlides\">\n<h2>Gran servicio y muy exitosa<\/h2>\n<p><q>Gran servicio y muy exitoso, tuve dos tickets y fueron despedidos. El equipo y los abogados son geniales. \u00a1\u00a1\u00a1Recomendar\u00eda esta compa\u00f1\u00eda a cualquiera!!! San Antonio, Texas.<\/q><\/p>\n<p class=\"author\">Beverly D.<\/p>\n<\/div>\n<div class=\"mySlides\"><q>Esta empresa tiene 5 estrellas en todos los sentidos y a un costo razonable. Hay muchas opciones en Internet, pero si desea obtener resultados, use My Traffic Tickets para sus encuentros con la polic\u00eda y la corte.<\/q><\/p>\n<p class=\"author\">Kenneth C.<\/p>\n<\/div>\n<div class=\"mySlides\"><q>Me ahorr\u00e9 m\u00e1s de $ 400, un viaje fuera de la ciudad, un d\u00eda libre en el trabajo y ni siquiera est\u00e1 en mi historial de manejo. \u00a1\u00a1Gracias!!<\/q><\/p>\n<p class=\"author\">Evelyn F .<\/p>\n<\/div>\n<div class=\"quotes-icon\">\n<div class=\"left-icon\">\u00a0<\/div>\n<div class=\"right-icon\">\u00a0<\/div>\n<\/div>\n<div class=\"dot-container\">\u00a0<\/div>\n<\/div>\n<\/div>\n<\/div>\n<\/div>\n<div class=\"traffic-info\">\n<div class=\"container\">\n<div class=\"row\">\n<div class=\"col-md-12\">\n<div class=\"traffic-info-content\">\n<p>Con nuestra tasa de \u00e9xito combinada del 97% y el manejo de m\u00e1s de 100.000 infracciones de tr\u00e1fico, nos enorgullecemos de habernos ganado la lealtad y la confianza de nuestros clientes y clientes. \u00a1Perm\u00edtanos ayudarlo a que sus multas de tr\u00e1fico y \u00f3rdenes de arresto sean desestimadas hoy!<\/p>\n<h2>\u00a1Para obtener m\u00e1s informaci\u00f3n, marque 1-877-298-9099 ahora!<\/h2>\n<p><a href=\"https:\/\/mytraffictickets.com\/es\/login\/\"><i class=\"fa fa-smile-o\" aria-hidden=\"true\"><\/i> Luchemos contra tu boleto<\/a><\/div>\n<\/div>\n<\/div>\n<\/div>\n<\/div>\n<p><!-- \/wp:html -->\n<\/div>","protected":false},"excerpt":{"rendered":"<p>Experienced Traffic Ticket Experts To Help You Fight The Consequences Of Traffic Tickets In Nueces County Our top experienced Nueces County traffic ticket lawyers will fight to keep your ticket off your driving record and will appear in court on your behalf. The affordable price for a traffic ticket attorney in Nueces County depends upon [&hellip;]<\/p>","protected":false},"author":3,"featured_media":0,"parent":1643,"menu_order":0,"comment_status":"closed","ping_status":"closed","template":"page-templates\/custom_temp.php","meta":{"_mi_skip_tracking":false,"_exactmetrics_sitenote_active":false,"_exactmetrics_sitenote_note":"","_exactmetrics_sitenote_category":0,"footnotes":""},"aioseo_notices":[],"_links":{"self":[{"href":"https:\/\/mytraffictickets.com\/es\/wp-json\/wp\/v2\/pages\/5415"}],"collection":[{"href":"https:\/\/mytraffictickets.com\/es\/wp-json\/wp\/v2\/pages"}],"about":[{"href":"https:\/\/mytraffictickets.com\/es\/wp-json\/wp\/v2\/types\/page"}],"author":[{"embeddable":true,"href":"https:\/\/mytraffictickets.com\/es\/wp-json\/wp\/v2\/users\/3"}],"replies":[{"embeddable":true,"href":"https:\/\/mytraffictickets.com\/es\/wp-json\/wp\/v2\/comments?post=5415"}],"version-history":[{"count":5,"href":"https:\/\/mytraffictickets.com\/es\/wp-json\/wp\/v2\/pages\/5415\/revisions"}],"predecessor-version":[{"id":5752,"href":"https:\/\/mytraffictickets.com\/es\/wp-json\/wp\/v2\/pages\/5415\/revisions\/5752"}],"up":[{"embeddable":true,"href":"https:\/\/mytraffictickets.com\/es\/wp-json\/wp\/v2\/pages\/1643"}],"wp:attachment":[{"href":"https:\/\/mytraffictickets.com\/es\/wp-json\/wp\/v2\/media?parent=5415"}],"curies":[{"name":"wp","href":"https:\/\/api.w.org\/{rel}","templated":true}]}}