{"id":5417,"date":"2021-07-19T10:38:21","date_gmt":"2021-07-19T10:38:21","guid":{"rendered":"http:\/\/mytrafficticktes.psz.netsmartz.us\/?page_id=4047"},"modified":"2021-07-27T08:28:49","modified_gmt":"2021-07-27T08:28:49","slug":"presidio-county","status":"publish","type":"page","link":"https:\/\/mytraffictickets.com\/es\/presidio-county\/","title":{"rendered":"Presidio County"},"content":{"rendered":"<div class=\"section\">\n<div class=\"bg-pink\">\n<div class=\"container\">\n<div class=\"row\">\n<div class=\"col-md-12\">\n<h2 style=\"padding-top: 25px;\">My Traffic Tickets Will Help You Find A Resolution Of A Traffic Ticket in Presidio County<\/h2>\n<\/div>\n<\/div>\n<\/div>\n<\/div>\n<div class=\"wp-introduction\">\n<div class=\"container\">\n<div class=\"row\">\n<div class=\"col-md-7\">\n<div class=\"intro-content\"><!--\n\n\n<h3>Houston Traffic Ticket Lawyers<\/h3>\n\n\n--><br \/>\nA number of states in the US keep track of reckless drivers using a point system and Texas is one of them. Our reliable traffic attorneys in Presidio County keep these points from getting added to your license. Another reason why hiring a traffic ticket lawyer is a great option is the fact that lawyers have enough knowledge about the traffic system in the location you\u2019ve been charged. They know what works and what does not. They know what strategies can be used in the court to beat a speeding ticket.&nbsp;<\/p>\n<p>Un abogado de multas de tr\u00e1fico de My Traffic Tickets lo guiar\u00e1 a trav\u00e9s de los pasos involucrados o incluso puede comparecer en la corte en su nombre. Los honorarios exigidos por el abogado pueden variar seg\u00fan una serie de factores, como la ubicaci\u00f3n de su multa, la cantidad de infracciones, el tipo de multa que tiene o la dificultad de su multa.<\/p>\n<p>Nuestra <a class=\"smplink\" href=\"\/es\/\">Abogadas de multas de trafico<\/a> in Presidio County can help resolve tickets for all sorts of violations including but not limited to<\/p>\n<ul>\n<li>Violaci\u00f3n de exceso de velocidad<\/li>\n<li>Violaci\u00f3n de salida de luz roja<\/li>\n<li>Infracci\u00f3n de conducci\u00f3n distra\u00edda<\/li>\n<li>Violaci\u00f3n de la licencia de conducir no v\u00e1lida<\/li>\n<li>Violaci\u00f3n ilegal de cambio de sentido<\/li>\n<li>Violaci\u00f3n del cintur\u00f3n de seguridad<\/li>\n<\/ul>\n<p>Aparte de esto, puede ahorrar su tiempo ya que nuestros abogados se encargar\u00e1n de todo por s\u00ed solos. \u00a1Y recuerde, este proceso completo se lleva a cabo sin tener que ir a la oficina del abogado! Adem\u00e1s, nuestra tarifa es competitiva y asequible para todos.<\/p>\n<p>\u00bfEntonces, Qu\u00e9 esperas? Hable con nosotros sobre la infracci\u00f3n de su multa de tr\u00e1fico llamando al 1-877-298-9099. \u00a1Empezar!<\/p>\n<p><!--Call us @ our toll-free for more info!<a href=\"tel:1-877-298-9099\">1-877-298-9099<\/a>\n\n--><\/p>\n<\/div>\n<\/div>\n<div class=\"col-md-5\">\n<figure class=\"ticket-cars\" style=\"margin-top: 27px;\">\n<img decoding=\"async\" alt=\"presidio county \" src=\"\/wp-content\/uploads\/2021\/05\/3.jpg\"><\/figure>\n<\/div>\n<\/div>\n<\/div>\n<div id=\"carousel\" class=\"testimonial\">\n<div class=\"slideshow-container\">\n<div class=\"row\">\n<div class=\"col-md-12\">\n<h2>Por eso nuestra cliente nos elige.<\/h2>\n<\/div>\n<\/div>\n<\/div>\n<\/div>\n<div class=\"traffic-info\">\n<div class=\"container\">\n<div class=\"row\">\n<div class=\"col-md-12\">\n<div class=\"traffic-info-content\">\n<p>Con nuestra tasa de \u00e9xito combinada del 97% y el manejo de m\u00e1s de 100.000 infracciones de tr\u00e1fico, nos enorgullecemos de habernos ganado la lealtad y la confianza de nuestros clientes y clientes. \u00a1Perm\u00edtanos ayudarlo a que sus multas de tr\u00e1fico y \u00f3rdenes de arresto sean desestimadas hoy!<\/p>\n<h2>\u00a1Para obtener m\u00e1s informaci\u00f3n, marque 1-877-298-9099 ahora!<\/h2>\n<p><a href=\"https:\/\/mytraffictickets.com\/es\/login\/\"><i class=\"fa fa-smile-o\" aria-hidden=\"true\"><\/i> Luchemos contra tu boleto<\/a><\/p>\n<\/div>\n<\/div>\n<\/div>\n<\/div>\n<\/div>\n<\/div>\n<\/div>","protected":false},"excerpt":{"rendered":"<p>My Traffic Tickets Will Help You Find A Resolution Of A Traffic Ticket in Presidio County A number of states in the US keep track of reckless drivers using a point system and Texas is one of them. Our reliable traffic attorneys in Presidio County keep these points from getting added to your license. Another [&hellip;]<\/p>","protected":false},"author":3,"featured_media":0,"parent":0,"menu_order":0,"comment_status":"closed","ping_status":"closed","template":"page-templates\/custom_temp.php","meta":{"_mi_skip_tracking":false,"_exactmetrics_sitenote_active":false,"_exactmetrics_sitenote_note":"","_exactmetrics_sitenote_category":0,"footnotes":""},"aioseo_notices":[],"_links":{"self":[{"href":"https:\/\/mytraffictickets.com\/es\/wp-json\/wp\/v2\/pages\/5417"}],"collection":[{"href":"https:\/\/mytraffictickets.com\/es\/wp-json\/wp\/v2\/pages"}],"about":[{"href":"https:\/\/mytraffictickets.com\/es\/wp-json\/wp\/v2\/types\/page"}],"author":[{"embeddable":true,"href":"https:\/\/mytraffictickets.com\/es\/wp-json\/wp\/v2\/users\/3"}],"replies":[{"embeddable":true,"href":"https:\/\/mytraffictickets.com\/es\/wp-json\/wp\/v2\/comments?post=5417"}],"version-history":[{"count":2,"href":"https:\/\/mytraffictickets.com\/es\/wp-json\/wp\/v2\/pages\/5417\/revisions"}],"predecessor-version":[{"id":5525,"href":"https:\/\/mytraffictickets.com\/es\/wp-json\/wp\/v2\/pages\/5417\/revisions\/5525"}],"wp:attachment":[{"href":"https:\/\/mytraffictickets.com\/es\/wp-json\/wp\/v2\/media?parent=5417"}],"curies":[{"name":"wp","href":"https:\/\/api.w.org\/{rel}","templated":true}]}}