{"id":5418,"date":"2021-07-19T10:40:46","date_gmt":"2021-07-19T10:40:46","guid":{"rendered":"http:\/\/mytrafficticktes.psz.netsmartz.us\/?page_id=4049"},"modified":"2021-08-19T12:16:41","modified_gmt":"2021-08-19T12:16:41","slug":"real-county","status":"publish","type":"page","link":"https:\/\/mytraffictickets.com\/es\/tx\/real-county\/","title":{"rendered":"Real County"},"content":{"rendered":"<div class=\"section\">\n<div class=\"bg-pink\">\n<div class=\"container\">\n<div class=\"row\">\n<div class=\"col-md-12\">\n<h2 style=\"padding-top: 25px;!important\">My Traffic Tickets Will Fight Tooth And Nail To Resolve You Traffic Ticket In Real County<\/h2>\n<\/div>\n<\/div>\n<\/div>\n<\/div>\n<div class=\"wp-introduction\">\n<div class=\"container\">\n<div class=\"row\">\n<div class=\"col-md-7\">\n<div class=\"intro-content\">\n<!--\n\n\n<h3>Houston Traffic Ticket Lawyers<\/h3>\n\n\n--><br \/>\nGone are the days when fighting a Real County traffic ticket took a lot of time and effort. Our expert Real County traffic ticket attorneys are highly experienced in fighting all traffic violations. My Traffic Tickets makes the process of fighting a traffic ticket with just 3 simple steps.<\/p>\n<ul>\n<li>Env\u00ede la informaci\u00f3n de su multa de tr\u00e1fico<\/li>\n<li>Obtenga una cotizaci\u00f3n gratuita de su abogado de multas de tr\u00e1fico<\/li>\n<li>Contrata a tu abogada de multas de tr\u00e1fico<\/li>\n<\/ul>\n<p>There is no better way to ensure the best possible outcome for your case than hiring an experienced traffic ticket lawyer in Real County. Time is your most valuable commodity, so don\u2019t waste your day in court. An expert <a href=\"\/es\/\" class=\"smplink\">abogados defensores de multas de tr\u00e1nsito<\/a> can make all court appearances on your behalf. Though paying your ticket might look like an easy way out, not many people are aware that it could mean a conviction against you. If you receive a conviction, that is what causes your insurance rates to go up. We fight tooth and nail to make sure that you don\u2019t have to face increased insurance rates, a suspended driver\u2019s license, or possible DMV\/DPS surcharges.<\/p>\n<p>As a commercial driver, we understand the importance of maintaining a clean driving record and having no points against your license. That is why our best traffic ticket lawyers have decades of experience fighting CDL tickets.<\/p>\n<p>Con nuestra tasa de \u00e9xito combinada del 97% y el manejo de m\u00e1s de 100.000 infracciones de tr\u00e1fico, nos enorgullecemos de habernos ganado la lealtad y la confianza de nuestros clientes y clientes. \u00a1Perm\u00edtanos ayudarlo a que sus multas de tr\u00e1fico y \u00f3rdenes de arresto sean desestimadas hoy!<\/p>\n<p><!--Call us @ our toll-free for more info!<a href=\"tel:1-877-298-9099\">1-877-298-9099<\/a>\n\n--><\/p>\n<\/div>\n<\/div>\n<div class=\"col-md-5\">\n<figure class=\"ticket-cars\" style=\"margin-top: 27px;\"><br \/>\n<img decoding=\"async\" alt=\"Real County\" src=\"\/wp-content\/uploads\/2021\/05\/4.jpg\"><\/figure>\n<\/div>\n<\/div>\n<\/div>\n<\/div>\n<div class=\"wp-traffic\">\n<div class=\"container\">\n<div class=\"row\">\n<div class=\"col-md-8\">\n<div class=\"main-wp-content\">\n<h2>\u00bfTiene una orden judicial del condado de Harris por no comparecer ante el tribunal? \u00a1Podemos ayudar con eso!<\/h2>\n<ul class=\"traffic-ul\">\n<li>Eliminar todas las garant\u00edas activas<\/li>\n<li>Mantenga las entradas fuera de su registro<\/li>\n<li>Evite la suspensi\u00f3n de la licencia de conducir<\/li>\n<li>Comparecer ante el tribunal en su nombre<\/li>\n<\/ul>\n<p><a href=\"https:\/\/mytraffictickets.com\/es\/login\/\">CONSIGUE UNA <br>COTIZACI\u00d3Ns<\/a><\/div>\n<\/div>\n<div class=\"col-md-4\">\n<figure class=\"ticket-cars\"><img decoding=\"async\" alt=\"warrant\" src=\"\/wp-content\/themes\/sydney-child\/img\/warrant.png\" \/><\/figure>\n<\/div>\n<\/div>\n<\/div>\n<\/div>\n<div class=\"wp-introduction\">\n<div class=\"container\">\n<div class=\"row\">\n<div class=\"col-md-12\">\n<div class=\"intro-content\">\n<h2 class=\"text-center\" style=\"padding-top: 10px;\">\u00bfEs usted un conductor comercial (CDL) con una multa de tr\u00e1fico?<\/h2>\n<div class=\"col-md-8\">Como conductor comercial, entendemos la importancia de mantener un historial de conducci\u00f3n limpio y no tener puntos en contra de su licencia. Es por eso que nuestros mejores abogados de multas de tr\u00e1fico tienen d\u00e9cadas de experiencia en la lucha contra las multas de CDL. Si un conductor de CDL recibe condenas en su expediente, puede resultar en:<\/p>\n<ul>\n<li>P\u00e9rdida de CDL<\/li>\n<li>Puede perder su trabajo<\/li>\n<li>Es posible que no pueda encontrar trabajo<\/li>\n<li>Mayores tarifas de seguros<\/li>\n<\/ul>\n<p>Por eso es extremadamente importante para los conductores comerciales luchar contra todas sus multas de tr\u00e1fico.<\/p><\/div>\n<div class=\"col-md-4\">\n<figure class=\"ticket-cars\"><img decoding=\"async\" alt=\"commercial-truck\" src=\"\/wp-content\/themes\/sydney-child\/img\/commercial-truck.png\" \/><\/figure>\n<\/div>\n<\/div>\n<\/div>\n<\/div>\n<\/div>\n<\/div>\n<div id=\"carousel\" class=\"testimonial\">\n<div class=\"slideshow-container\">\n<div class=\"row\">\n<div class=\"col-md-12\">\n<h2>Por eso nuestra cliente nos elige.<\/h2>\n<div class=\"mySlides\">\n<h2>Gran servicio y muy exitosa<\/h2>\n<p><q>Gran servicio y muy exitoso, tuve dos tickets y fueron despedidos. El equipo y los abogados son geniales. \u00a1\u00a1\u00a1Recomendar\u00eda esta compa\u00f1\u00eda a cualquiera!!! San Antonio, Texas.<\/q><\/p>\n<p class=\"author\">Beverly D.<\/p>\n<\/div>\n<div class=\"mySlides\"><q>Esta empresa tiene 5 estrellas en todos los sentidos y a un costo razonable. Hay muchas opciones en Internet, pero si desea obtener resultados, use My Traffic Tickets para sus encuentros con la polic\u00eda y la corte.<\/q><\/p>\n<p class=\"author\">Kenneth C.<\/p>\n<\/div>\n<div class=\"mySlides\"><q>Me ahorr\u00e9 m\u00e1s de $ 400, un viaje fuera de la ciudad, un d\u00eda libre en el trabajo y ni siquiera est\u00e1 en mi historial de manejo. \u00a1\u00a1Gracias!!<\/q><\/p>\n<p class=\"author\">Evelyn F .<\/p>\n<\/div>\n<div class=\"quotes-icon\">\n<div class=\"left-icon\">\u00a0<\/div>\n<div class=\"right-icon\">\u00a0<\/div>\n<\/div>\n<div class=\"dot-container\">\u00a0<\/div>\n<\/div>\n<\/div>\n<\/div>\n<\/div>\n<div class=\"traffic-info\">\n<div class=\"container\">\n<div class=\"row\">\n<div class=\"col-md-12\">\n<div class=\"traffic-info-content\">\n<p>Con nuestra tasa de \u00e9xito combinada del 97% y el manejo de m\u00e1s de 100.000 infracciones de tr\u00e1fico, nos enorgullecemos de habernos ganado la lealtad y la confianza de nuestros clientes y clientes. \u00a1Perm\u00edtanos ayudarlo a que sus multas de tr\u00e1fico y \u00f3rdenes de arresto sean desestimadas hoy!<\/p>\n<h2>\u00a1Para obtener m\u00e1s informaci\u00f3n, marque 1-877-298-9099 ahora!<\/h2>\n<p><a href=\"https:\/\/mytraffictickets.com\/es\/login\/\"><i class=\"fa fa-smile-o\" aria-hidden=\"true\"><\/i> Luchemos contra tu boleto<\/a><\/div>\n<\/div>\n<\/div>\n<\/div>\n<\/div>\n<p><!-- \/wp:html --><\/p>","protected":false},"excerpt":{"rendered":"<p>My Traffic Tickets Will Fight Tooth And Nail To Resolve You Traffic Ticket In Real County Gone are the days when fighting a Real County traffic ticket took a lot of time and effort. Our expert Real County traffic ticket attorneys are highly experienced in fighting all traffic violations. My Traffic Tickets makes the process [&hellip;]<\/p>","protected":false},"author":3,"featured_media":0,"parent":1643,"menu_order":0,"comment_status":"closed","ping_status":"closed","template":"page-templates\/custom_temp.php","meta":{"_mi_skip_tracking":false,"_exactmetrics_sitenote_active":false,"_exactmetrics_sitenote_note":"","_exactmetrics_sitenote_category":0,"footnotes":""},"aioseo_notices":[],"_links":{"self":[{"href":"https:\/\/mytraffictickets.com\/es\/wp-json\/wp\/v2\/pages\/5418"}],"collection":[{"href":"https:\/\/mytraffictickets.com\/es\/wp-json\/wp\/v2\/pages"}],"about":[{"href":"https:\/\/mytraffictickets.com\/es\/wp-json\/wp\/v2\/types\/page"}],"author":[{"embeddable":true,"href":"https:\/\/mytraffictickets.com\/es\/wp-json\/wp\/v2\/users\/3"}],"replies":[{"embeddable":true,"href":"https:\/\/mytraffictickets.com\/es\/wp-json\/wp\/v2\/comments?post=5418"}],"version-history":[{"count":5,"href":"https:\/\/mytraffictickets.com\/es\/wp-json\/wp\/v2\/pages\/5418\/revisions"}],"predecessor-version":[{"id":5750,"href":"https:\/\/mytraffictickets.com\/es\/wp-json\/wp\/v2\/pages\/5418\/revisions\/5750"}],"up":[{"embeddable":true,"href":"https:\/\/mytraffictickets.com\/es\/wp-json\/wp\/v2\/pages\/1643"}],"wp:attachment":[{"href":"https:\/\/mytraffictickets.com\/es\/wp-json\/wp\/v2\/media?parent=5418"}],"curies":[{"name":"wp","href":"https:\/\/api.w.org\/{rel}","templated":true}]}}