{"id":5939,"date":"2021-09-08T05:16:11","date_gmt":"2021-09-08T05:16:11","guid":{"rendered":"https:\/\/www.mytraffictickets.com\/?page_id=5939"},"modified":"2021-09-08T05:20:56","modified_gmt":"2021-09-08T05:20:56","slug":"dimmitt","status":"publish","type":"page","link":"https:\/\/mytraffictickets.com\/es\/dimmitt\/","title":{"rendered":"Dimmitt"},"content":{"rendered":"<div class=\"section\">\n<div class=\"bg-pink\">\n<div class=\"container\">\n<div class=\"row\">\n<div class=\"col-md-12\">\n<h2 style=\"padding-top: 25px;\">My Traffic Tickets \u2013 A One-Stop Destination for All Your Traffic Ticket Needs in Dimmitt<\/h2>\n<\/div>\n<\/div>\n<\/div>\n<\/div>\n<div class=\"wp-introduction\">\n<div class=\"container\">\n<div class=\"row\">\n<div class=\"col-md-7\">\n<div class=\"intro-content\"><!--\n\n\n<h3>Houston Traffic Ticket Lawyers<\/h3>\n\n\n--><br \/>\nWe understand how important a commodity time is and that is exactly why we make sure that you do not have to waste your days in court. The traffic defense lawyer assigned to you will make all the court appearances on your behalf so you can focus on other important things. A lot of people fall into the trap of paying off their traffic tickets without understanding that it could even mean a conviction against them. A conviction, on most occasions, results in increased insurance rates. With a professional taking complete responsibility for getting the best possible outcome of your traffic ticket case, you will never have to worry about facing increased insurance rates, a suspended driver\u2019s license, or possible DMV\/DPS surcharges.<\/p>\n<p>My Traffic Tickets has the <a href=\"\/es\/\" class=\"smplink\">best traffic ticket attorneys<\/a> in Dimmitt who can help you get out from all kinds of traffic violations including but not limited to speeding violations, red light violations, distracted driving violations, illegal U-turn violations, and seat belt violations. Our services are backed by the most competitively priced fees, saving you a lot of time as well as money!<\/p>\n<p>All the experienced attorneys at My Traffic Tickets can help you by removing all active warrants, keeping the points off your driving record, avoiding the suspension of a driver\u2019s license, and appearing in court on your behalf among other ways. Thanks to our success rate of 97% and the experience of handling more than 100,000 traffic violations, we have successfully managed to earn the loyalty and trust of thousands of customers.<\/p>\n<p>Did we mention that we are capable of carrying out the entire process without you having to visit the traffic defense lawyer\u2019s office even once?<\/p>\n<p>Solicite una cotizaci\u00f3n gratuita hoy.<\/p>\n<p><!--Call us @ our toll-free for more info!<a href=\"tel:1-877-298-9099\">1-877-298-9099<\/a>\n\n--><\/p>\n<\/div>\n<\/div>\n<div class=\"col-md-5\">\n<figure class=\"ticket-cars\" style=\"margin-top: 27px;\"><img decoding=\"async\" src=\"\/wp-content\/uploads\/2021\/06\/3-1.jpg\" alt=\"dimmitt\" \/><\/figure>\n<\/div>\n<\/div>\n<\/div>\n<div id=\"carousel\" class=\"testimonial\">\n<div class=\"slideshow-container\">\n<div class=\"row\">\n<div class=\"col-md-12\">\n<h2>Por eso nuestra cliente nos elige.<\/h2>\n<\/div>\n<\/div>\n<\/div>\n<\/div>\n<div class=\"traffic-info\">\n<div class=\"container\">\n<div class=\"row\">\n<div class=\"col-md-12\">\n<div class=\"traffic-info-content\">\n<p>Con nuestra tasa de \u00e9xito combinada del 97% y el manejo de m\u00e1s de 100.000 infracciones de tr\u00e1fico, nos enorgullecemos de habernos ganado la lealtad y la confianza de nuestros clientes y clientes. \u00a1Perm\u00edtanos ayudarlo a que sus multas de tr\u00e1fico y \u00f3rdenes de arresto sean desestimadas hoy!<\/p>\n<h2>\u00a1Para obtener m\u00e1s informaci\u00f3n, marque 1-877-298-9099 ahora!<\/h2>\n<p><a href=\"https:\/\/mytraffictickets.com\/es\/login\/\"><i class=\"fa fa-smile-o\" aria-hidden=\"true\"><\/i> Luchemos contra tu boleto<\/a><\/p>\n<\/div>\n<\/div>\n<\/div>\n<\/div>\n<\/div>\n<\/div>\n<\/div>","protected":false},"excerpt":{"rendered":"<p>My Traffic Tickets \u2013 A One-Stop Destination for All Your Traffic Ticket Needs in Dimmitt We understand how important a commodity time is and that is exactly why we make sure that you do not have to waste your days in court. The traffic defense lawyer assigned to you will make all the court appearances [&hellip;]<\/p>","protected":false},"author":3,"featured_media":0,"parent":0,"menu_order":0,"comment_status":"closed","ping_status":"closed","template":"page-templates\/custom_temp.php","meta":{"_mi_skip_tracking":false,"_exactmetrics_sitenote_active":false,"_exactmetrics_sitenote_note":"","_exactmetrics_sitenote_category":0,"footnotes":""},"aioseo_notices":[],"_links":{"self":[{"href":"https:\/\/mytraffictickets.com\/es\/wp-json\/wp\/v2\/pages\/5939"}],"collection":[{"href":"https:\/\/mytraffictickets.com\/es\/wp-json\/wp\/v2\/pages"}],"about":[{"href":"https:\/\/mytraffictickets.com\/es\/wp-json\/wp\/v2\/types\/page"}],"author":[{"embeddable":true,"href":"https:\/\/mytraffictickets.com\/es\/wp-json\/wp\/v2\/users\/3"}],"replies":[{"embeddable":true,"href":"https:\/\/mytraffictickets.com\/es\/wp-json\/wp\/v2\/comments?post=5939"}],"version-history":[{"count":6,"href":"https:\/\/mytraffictickets.com\/es\/wp-json\/wp\/v2\/pages\/5939\/revisions"}],"predecessor-version":[{"id":5945,"href":"https:\/\/mytraffictickets.com\/es\/wp-json\/wp\/v2\/pages\/5939\/revisions\/5945"}],"wp:attachment":[{"href":"https:\/\/mytraffictickets.com\/es\/wp-json\/wp\/v2\/media?parent=5939"}],"curies":[{"name":"wp","href":"https:\/\/api.w.org\/{rel}","templated":true}]}}