{"id":5946,"date":"2021-09-08T05:24:37","date_gmt":"2021-09-08T05:24:37","guid":{"rendered":"https:\/\/www.mytraffictickets.com\/?page_id=5946"},"modified":"2021-09-08T05:24:37","modified_gmt":"2021-09-08T05:24:37","slug":"hart","status":"publish","type":"page","link":"https:\/\/mytraffictickets.com\/es\/hart\/","title":{"rendered":"Hart"},"content":{"rendered":"<div class=\"section\">\n<div class=\"bg-pink\">\n<div class=\"container\">\n<div class=\"row\">\n<div class=\"col-md-12\">\n<h2 style=\"padding-top: 25px;\">Helping Commercial Drivers as Well as Individuals with Traffic Tickets in Hart for Years<\/h2>\n<\/div>\n<\/div>\n<\/div>\n<\/div>\n<div class=\"wp-introduction\">\n<div class=\"container\">\n<div class=\"row\">\n<div class=\"col-md-7\">\n<div class=\"intro-content\"><!--\n\n\n<h3>Houston Traffic Ticket Lawyers<\/h3>\n\n\n--><br \/>\nIf you have been recently cited for a traffic violation in Hart, look no further than My Traffic Tickets! Our expert attorneys can be trusted with creating a solid defense strategy regardless of the traffic violation you\u2019ve been charged with.<\/p>\n<p>Being in this field for so many years now, the professional traffic violation attorneys at My Traffic Tickets completely understand how important it is for a commercial driver to maintain a clean driving record and having no points against their license. With decades of experience fighting CDL tickets, the best of the traffic ticket lawyers at MTT draw the best outcome of a ticket to make sure that our clients never have to end up losing their CDL, losing their job, having difficulty finding a job, or paying increased insurance rates.<\/p>\n<p>Our experienced professionals in Hart can be trusted with handling all kinds of traffic violations including but not limited to speeding violations, red light violations, distracted driving violations, invalid driver\u2019s license violations, illegal U-turn violations, seat belt violations, and more. In addition to that, our partnership with One Tree Planted allows us to plant a tree for every ticket we fight. Be a part of the cause by choosing us for your traffic ticket needs.<\/p>\n<p>Choose My Traffic Tickets because they have handled more than 100,000 tickets, offer the best services at the most competitive prices, and get you started in just three easy steps:<\/p>\n<ul>\n<li>Submit your traffic ticket information to us<\/li>\n<li>Get a free quote from a traffic ticket lawyer<\/li>\n<li>Hire the lawyer<\/li>\n<\/ul>\n<p>So, what is holding you back? Discuss your traffic ticket violation with us by calling 1-877-298-9099. Get started!<\/p>\n<p><!--Call us @ our toll-free for more info!<a href=\"tel:1-877-298-9099\">1-877-298-9099<\/a>\n\n--><\/p>\n<\/div>\n<\/div>\n<div class=\"col-md-5\">\n<figure class=\"ticket-cars\" style=\"margin-top: 27px;\"><img decoding=\"async\" src=\"\/wp-content\/uploads\/2021\/05\/5.jpg\" alt=\"Hart\" \/><\/figure>\n<\/div>\n<\/div>\n<\/div>\n<div id=\"carousel\" class=\"testimonial\">\n<div class=\"slideshow-container\">\n<div class=\"row\">\n<div class=\"col-md-12\">\n<h2>Por eso nuestra cliente nos elige.<\/h2>\n<\/div>\n<\/div>\n<\/div>\n<\/div>\n<div class=\"traffic-info\">\n<div class=\"container\">\n<div class=\"row\">\n<div class=\"col-md-12\">\n<div class=\"traffic-info-content\">\n<p>Con nuestra tasa de \u00e9xito combinada del 97% y el manejo de m\u00e1s de 100.000 infracciones de tr\u00e1fico, nos enorgullecemos de habernos ganado la lealtad y la confianza de nuestros clientes y clientes. \u00a1Perm\u00edtanos ayudarlo a que sus multas de tr\u00e1fico y \u00f3rdenes de arresto sean desestimadas hoy!<\/p>\n<h2>\u00a1Para obtener m\u00e1s informaci\u00f3n, marque 1-877-298-9099 ahora!<\/h2>\n<p><a href=\"https:\/\/mytraffictickets.com\/es\/login\/\"><i class=\"fa fa-smile-o\" aria-hidden=\"true\"><\/i> Luchemos contra tu boleto<\/a><\/p>\n<\/div>\n<\/div>\n<\/div>\n<\/div>\n<\/div>\n<\/div>\n<\/div>","protected":false},"excerpt":{"rendered":"<p>Helping Commercial Drivers as Well as Individuals with Traffic Tickets in Hart for Years If you have been recently cited for a traffic violation in Hart, look no further than My Traffic Tickets! Our expert attorneys can be trusted with creating a solid defense strategy regardless of the traffic violation you\u2019ve been charged with. Being [&hellip;]<\/p>","protected":false},"author":3,"featured_media":0,"parent":0,"menu_order":0,"comment_status":"closed","ping_status":"closed","template":"page-templates\/custom_temp.php","meta":{"_mi_skip_tracking":false,"_exactmetrics_sitenote_active":false,"_exactmetrics_sitenote_note":"","_exactmetrics_sitenote_category":0,"footnotes":""},"aioseo_notices":[],"_links":{"self":[{"href":"https:\/\/mytraffictickets.com\/es\/wp-json\/wp\/v2\/pages\/5946"}],"collection":[{"href":"https:\/\/mytraffictickets.com\/es\/wp-json\/wp\/v2\/pages"}],"about":[{"href":"https:\/\/mytraffictickets.com\/es\/wp-json\/wp\/v2\/types\/page"}],"author":[{"embeddable":true,"href":"https:\/\/mytraffictickets.com\/es\/wp-json\/wp\/v2\/users\/3"}],"replies":[{"embeddable":true,"href":"https:\/\/mytraffictickets.com\/es\/wp-json\/wp\/v2\/comments?post=5946"}],"version-history":[{"count":1,"href":"https:\/\/mytraffictickets.com\/es\/wp-json\/wp\/v2\/pages\/5946\/revisions"}],"predecessor-version":[{"id":5947,"href":"https:\/\/mytraffictickets.com\/es\/wp-json\/wp\/v2\/pages\/5946\/revisions\/5947"}],"wp:attachment":[{"href":"https:\/\/mytraffictickets.com\/es\/wp-json\/wp\/v2\/media?parent=5946"}],"curies":[{"name":"wp","href":"https:\/\/api.w.org\/{rel}","templated":true}]}}