{"id":5952,"date":"2021-09-08T05:34:34","date_gmt":"2021-09-08T05:34:34","guid":{"rendered":"https:\/\/www.mytraffictickets.com\/?page_id=5952"},"modified":"2021-09-08T05:35:26","modified_gmt":"2021-09-08T05:35:26","slug":"nazareth","status":"publish","type":"page","link":"https:\/\/mytraffictickets.com\/es\/nazareth\/","title":{"rendered":"Nazareth"},"content":{"rendered":"<div class=\"section\">\n<div class=\"bg-pink\">\n<div class=\"container\">\n<div class=\"row\">\n<div class=\"col-md-12\">\n<h2 style=\"padding-top: 25px;\">Minimize the Penalties of a Traffic Violation in Nazareth with My Traffic Tickets<\/h2>\n<\/div>\n<\/div>\n<\/div>\n<\/div>\n<div class=\"wp-introduction\">\n<div class=\"container\">\n<div class=\"row\">\n<div class=\"col-md-7\">\n<div class=\"intro-content\"><!--\n\n\n<h3>Houston Traffic Ticket Lawyers<\/h3>\n\n\n--><br \/>\nRight from fines and points on your driving record and increased insurance premiums to license suspension and even imprisonment, the consequences of getting caught committing a traffic violation in Nazareth are quite serious. Letting a professional from My Traffic Tickets handle the traffic ticket and protect your driving record, hence, is definitely worthwhile.<\/p>\n<p>It gives us immense pride to share that our experienced attorneys, over the years, have dismissed thousands of tickets involving all kinds of traffic violations ranging from speeding, running red lights, reckless driving, texting and driving, DUI\/DWI, to operating without insurance, failure to appear warrants and more. The entire team at My Traffic Tickets works with the goal of making your traffic ticket problem as easy as possible no matter the nature of your traffic violation. Even if a violation requires you to make an appearance in court, an experienced MTT attorney in Nazareth can take care of that too. The lawyers build a strong legal defense for you and appear in court on your behalf.<\/p>\n<p>Thanks to our combined success rate of 97% and experienced handling more than 100,000 traffic violations efficiently, we have rightfully managed to earn the loyalty and trust of thousands of clients and customers. We look forward to helping you get your traffic tickets and warrants dismissed in the best way possible.<\/p>\n<p>My Traffic Tickets helps you connect with the most experienced traffic ticket attorneys in Nazareth at an unbelievable cost. They do so by dismissing the violation or keeping the ticket off the record.<\/p>\n<p>Searching for the best traffic ticket attorney near you? Reach out to us by dialing our toll-free number 1-877-298-9099 and we will be more than happy to assist you!<\/p>\n<p><!--Call us @ our toll-free for more info!<a href=\"tel:1-877-298-9099\">1-877-298-9099<\/a>\n\n--><\/p>\n<\/div>\n<\/div>\n<div class=\"col-md-5\">\n<figure class=\"ticket-cars\" style=\"margin-top: 27px;\"><img decoding=\"async\" src=\"\/wp-content\/uploads\/2021\/05\/3.jpg\" alt=\"Nazareth\" \/><\/figure>\n<\/div>\n<\/div>\n<\/div>\n<div id=\"carousel\" class=\"testimonial\">\n<div class=\"slideshow-container\">\n<div class=\"row\">\n<div class=\"col-md-12\">\n<h2>Por eso nuestra cliente nos elige.<\/h2>\n<\/div>\n<\/div>\n<\/div>\n<\/div>\n<div class=\"traffic-info\">\n<div class=\"container\">\n<div class=\"row\">\n<div class=\"col-md-12\">\n<div class=\"traffic-info-content\">\n<p>Con nuestra tasa de \u00e9xito combinada del 97% y el manejo de m\u00e1s de 100.000 infracciones de tr\u00e1fico, nos enorgullecemos de habernos ganado la lealtad y la confianza de nuestros clientes y clientes. \u00a1Perm\u00edtanos ayudarlo a que sus multas de tr\u00e1fico y \u00f3rdenes de arresto sean desestimadas hoy!<\/p>\n<h2>\u00a1Para obtener m\u00e1s informaci\u00f3n, marque 1-877-298-9099 ahora!<\/h2>\n<p><a href=\"https:\/\/mytraffictickets.com\/es\/login\/\"><i class=\"fa fa-smile-o\" aria-hidden=\"true\"><\/i> Luchemos contra tu boleto<\/a><\/p>\n<\/div>\n<\/div>\n<\/div>\n<\/div>\n<\/div>\n<\/div>\n<\/div>","protected":false},"excerpt":{"rendered":"<p>Minimize the Penalties of a Traffic Violation in Nazareth with My Traffic Tickets Right from fines and points on your driving record and increased insurance premiums to license suspension and even imprisonment, the consequences of getting caught committing a traffic violation in Nazareth are quite serious. Letting a professional from My Traffic Tickets handle the [&hellip;]<\/p>","protected":false},"author":3,"featured_media":0,"parent":0,"menu_order":0,"comment_status":"closed","ping_status":"closed","template":"page-templates\/custom_temp.php","meta":{"_mi_skip_tracking":false,"_exactmetrics_sitenote_active":false,"_exactmetrics_sitenote_note":"","_exactmetrics_sitenote_category":0,"footnotes":""},"aioseo_notices":[],"_links":{"self":[{"href":"https:\/\/mytraffictickets.com\/es\/wp-json\/wp\/v2\/pages\/5952"}],"collection":[{"href":"https:\/\/mytraffictickets.com\/es\/wp-json\/wp\/v2\/pages"}],"about":[{"href":"https:\/\/mytraffictickets.com\/es\/wp-json\/wp\/v2\/types\/page"}],"author":[{"embeddable":true,"href":"https:\/\/mytraffictickets.com\/es\/wp-json\/wp\/v2\/users\/3"}],"replies":[{"embeddable":true,"href":"https:\/\/mytraffictickets.com\/es\/wp-json\/wp\/v2\/comments?post=5952"}],"version-history":[{"count":2,"href":"https:\/\/mytraffictickets.com\/es\/wp-json\/wp\/v2\/pages\/5952\/revisions"}],"predecessor-version":[{"id":5954,"href":"https:\/\/mytraffictickets.com\/es\/wp-json\/wp\/v2\/pages\/5952\/revisions\/5954"}],"wp:attachment":[{"href":"https:\/\/mytraffictickets.com\/es\/wp-json\/wp\/v2\/media?parent=5952"}],"curies":[{"name":"wp","href":"https:\/\/api.w.org\/{rel}","templated":true}]}}