{"id":5955,"date":"2021-09-08T05:38:10","date_gmt":"2021-09-08T05:38:10","guid":{"rendered":"https:\/\/www.mytraffictickets.com\/?page_id=5955"},"modified":"2021-09-08T05:38:10","modified_gmt":"2021-09-08T05:38:10","slug":"palestine","status":"publish","type":"page","link":"https:\/\/mytraffictickets.com\/es\/palestine\/","title":{"rendered":"Palestine"},"content":{"rendered":"<div class=\"section\">\n<div class=\"bg-pink\">\n<div class=\"container\">\n<div class=\"row\">\n<div class=\"col-md-12\">\n<h2 style=\"padding-top: 25px;\">Keep Unnecessary Points From Being Added To Your License In Palestine<\/h2>\n<\/div>\n<\/div>\n<\/div>\n<\/div>\n<div class=\"wp-introduction\">\n<div class=\"container\">\n<div class=\"row\">\n<div class=\"col-md-7\">\n<div class=\"intro-content\"><!--\n\n\n<h3>Houston Traffic Ticket Lawyers<\/h3>\n\n\n--><br \/>\nThe traffic ticket attorneys with My Traffic Tickets are very well capable of guiding you through the steps involved or can even appear in court on your behalf. The fees demanded by the attorney usually depend on certain factors are such as the location of your ticket, the number of violations, the type of ticket you have, or the difficulty of your ticket.<\/p>\n<p>You must know that not dealing with a traffic ticket the right way might land you in tight spots such as paying increased insurance premiums, paying heavy fines in the form of DMV charges, suspension of your driver\u2019s license, and appearing in court. Whether it is a speeding violation, distracted driving violation, invalid driver\u2019s license violation, illegal U-turn violation, seat belt violation, or a red light run-out violation, you can save a lot of your time by letting a professional manage the job for you. We take care of everything without you having to visit the attorney\u2019s office even once.<\/p>\n<p>The reliable traffic attorneys we have on our team not only keep unnecessary points from being added to your license but also have enough knowledge about the traffic system in the location you\u2019ve been charged, in this case, Palestine. We know what works and what doesn\u2019t and we are also aware of all the strategies that can be used in the court to beat all kinds of traffic tickets.<\/p>\n<p>Discuss your traffic ticket violation with our traffic citation lawyers by calling at 1-877-298-9099. Get started today by requesting a quote! When you choose My Traffic Tickets, you open doors to ticket dismissals, a clean driving record, and a solution to all kinds of problems concerning traffic tickets without even having to visit the court.<\/p>\n<p><!--Call us @ our toll-free for more info!<a href=\"tel:1-877-298-9099\">1-877-298-9099<\/a>\n\n--><\/p>\n<\/div>\n<\/div>\n<div class=\"col-md-5\">\n<figure class=\"ticket-cars\" style=\"margin-top: 27px;\"><img decoding=\"async\" src=\"\/wp-content\/uploads\/2021\/05\/2-1.jpg\" alt=\"lipscomb county\" \/><\/figure>\n<\/div>\n<\/div>\n<\/div>\n<div id=\"carousel\" class=\"testimonial\">\n<div class=\"slideshow-container\">\n<div class=\"row\">\n<div class=\"col-md-12\">\n<h2>Por eso nuestra cliente nos elige.<\/h2>\n<\/div>\n<\/div>\n<\/div>\n<\/div>\n<div class=\"traffic-info\">\n<div class=\"container\">\n<div class=\"row\">\n<div class=\"col-md-12\">\n<div class=\"traffic-info-content\">\n<p>Con nuestra tasa de \u00e9xito combinada del 97% y el manejo de m\u00e1s de 100.000 infracciones de tr\u00e1fico, nos enorgullecemos de habernos ganado la lealtad y la confianza de nuestros clientes y clientes. \u00a1Perm\u00edtanos ayudarlo a que sus multas de tr\u00e1fico y \u00f3rdenes de arresto sean desestimadas hoy!<\/p>\n<h2>\u00a1Para obtener m\u00e1s informaci\u00f3n, marque 1-877-298-9099 ahora!<\/h2>\n<p><a href=\"https:\/\/mytraffictickets.com\/es\/login\/\"><i class=\"fa fa-smile-o\" aria-hidden=\"true\"><\/i> Luchemos contra tu boleto<\/a><\/p>\n<\/div>\n<\/div>\n<\/div>\n<\/div>\n<\/div>\n<\/div>\n<\/div>","protected":false},"excerpt":{"rendered":"<p>Keep Unnecessary Points From Being Added To Your License In Palestine The traffic ticket attorneys with My Traffic Tickets are very well capable of guiding you through the steps involved or can even appear in court on your behalf. The fees demanded by the attorney usually depend on certain factors are such as the location [&hellip;]<\/p>","protected":false},"author":3,"featured_media":0,"parent":0,"menu_order":0,"comment_status":"closed","ping_status":"closed","template":"page-templates\/custom_temp.php","meta":{"_mi_skip_tracking":false,"_exactmetrics_sitenote_active":false,"_exactmetrics_sitenote_note":"","_exactmetrics_sitenote_category":0,"footnotes":""},"aioseo_notices":[],"_links":{"self":[{"href":"https:\/\/mytraffictickets.com\/es\/wp-json\/wp\/v2\/pages\/5955"}],"collection":[{"href":"https:\/\/mytraffictickets.com\/es\/wp-json\/wp\/v2\/pages"}],"about":[{"href":"https:\/\/mytraffictickets.com\/es\/wp-json\/wp\/v2\/types\/page"}],"author":[{"embeddable":true,"href":"https:\/\/mytraffictickets.com\/es\/wp-json\/wp\/v2\/users\/3"}],"replies":[{"embeddable":true,"href":"https:\/\/mytraffictickets.com\/es\/wp-json\/wp\/v2\/comments?post=5955"}],"version-history":[{"count":1,"href":"https:\/\/mytraffictickets.com\/es\/wp-json\/wp\/v2\/pages\/5955\/revisions"}],"predecessor-version":[{"id":5956,"href":"https:\/\/mytraffictickets.com\/es\/wp-json\/wp\/v2\/pages\/5955\/revisions\/5956"}],"wp:attachment":[{"href":"https:\/\/mytraffictickets.com\/es\/wp-json\/wp\/v2\/media?parent=5955"}],"curies":[{"name":"wp","href":"https:\/\/api.w.org\/{rel}","templated":true}]}}