{"id":5957,"date":"2021-09-08T05:42:37","date_gmt":"2021-09-08T05:42:37","guid":{"rendered":"https:\/\/www.mytraffictickets.com\/?page_id=5957"},"modified":"2021-09-08T05:53:40","modified_gmt":"2021-09-08T05:53:40","slug":"summerfield","status":"publish","type":"page","link":"https:\/\/mytraffictickets.com\/es\/summerfield\/","title":{"rendered":"Summerfield"},"content":{"rendered":"<div class=\"section\">\n<div class=\"bg-pink\">\n<div class=\"container\">\n<div class=\"row\">\n<div class=\"col-md-12\">\n<h2 style=\"padding-top: 25px;\">Find the Best Solutions to The Toughest Traffic Ticket Defense Situations in Summerfield With My Traffic Tickets<\/h2>\n<\/div>\n<\/div>\n<\/div>\n<\/div>\n<div class=\"wp-introduction\">\n<div class=\"container\">\n<div class=\"row\">\n<div class=\"col-md-7\">\n<div class=\"intro-content\"><!--\n\n\n<h3>Houston Traffic Ticket Lawyers<\/h3>\n\n\n--><br \/>\nOur experienced team of traffic ticket dismissal lawyers have expertise and knowledge about the traffic system in Summerfield and know exactly what works and what does not. They can create effective strategies that can be used in the court to beat not just a speeding ticket but all the other kinds of traffic ticket violations too. Hiring a traffic ticket lawyer from My Traffic Tickets saves you a lot of time as well since our attorneys are very well capable of handling all these things on their own and the best part is you do not even have to visit the attorney\u2019s office.<\/p>\n<p>We have handled more than 100,000 traffic violations and have helped thousands of motorists in and around Summerfield get rid of their traffic tickets. Hire a lawyer for a ticket from My Traffic Tickets for the best outcome of all kinds of traffic tickets including speeding tickets, accident tickets, stop sign tickets, no insurance tickets, suspended \/ no driver\u2019s license, red light tickets, reckless driving, texting and driving, DUI\/DWI, CDL traffic tickets, failure to appear warrants, and more with great efficiency.<\/p>\n<p>The traffic violation dismissal lawyers at My Traffic Tickets are strongly determined about helping out our clients and customers in Summerfield in every possible way, whether it is getting your tickets dismissed, going to the court on your behalf, making sure no points are added to your driving record, ensuring your insurance premiums do not increase, or simply keeping you updated on your case!<\/p>\n<p>My Traffic Tickets takes great pride in making our traffic tickets dismissal services in Summerfield affordable and easily accessible for everyone who might be in need. Feel free to request a quote. Dial our toll-free number 1-877-298-9099.<\/p>\n<p><!--Call us @ our toll-free for more info!<a href=\"tel:1-877-298-9099\">1-877-298-9099<\/a>\n\n--><\/p>\n<\/div>\n<\/div>\n<div class=\"col-md-5\">\n<figure class=\"ticket-cars\" style=\"margin-top: 27px;\"><img decoding=\"async\" src=\"\/wp-content\/uploads\/2021\/05\/1-1.jpg\" alt=\"Summerfield\" \/><\/figure>\n<\/div>\n<\/div>\n<\/div>\n<div id=\"carousel\" class=\"testimonial\">\n<div class=\"slideshow-container\">\n<div class=\"row\">\n<div class=\"col-md-12\">\n<h2>Por eso nuestra cliente nos elige.<\/h2>\n<\/div>\n<\/div>\n<\/div>\n<\/div>\n<div class=\"traffic-info\">\n<div class=\"container\">\n<div class=\"row\">\n<div class=\"col-md-12\">\n<div class=\"traffic-info-content\">\n<p>Con nuestra tasa de \u00e9xito combinada del 97% y el manejo de m\u00e1s de 100.000 infracciones de tr\u00e1fico, nos enorgullecemos de habernos ganado la lealtad y la confianza de nuestros clientes y clientes. \u00a1Perm\u00edtanos ayudarlo a que sus multas de tr\u00e1fico y \u00f3rdenes de arresto sean desestimadas hoy!<\/p>\n<h2>\u00a1Para obtener m\u00e1s informaci\u00f3n, marque 1-877-298-9099 ahora!<\/h2>\n<p><a href=\"https:\/\/mytraffictickets.com\/es\/login\/\"><i class=\"fa fa-smile-o\" aria-hidden=\"true\"><\/i> Luchemos contra tu boleto<\/a><\/p>\n<\/div>\n<\/div>\n<\/div>\n<\/div>\n<\/div>\n<\/div>\n<\/div>","protected":false},"excerpt":{"rendered":"<p>Find the Best Solutions to The Toughest Traffic Ticket Defense Situations in Summerfield With My Traffic Tickets Our experienced team of traffic ticket dismissal lawyers have expertise and knowledge about the traffic system in Summerfield and know exactly what works and what does not. They can create effective strategies that can be used in the [&hellip;]<\/p>","protected":false},"author":3,"featured_media":0,"parent":0,"menu_order":0,"comment_status":"closed","ping_status":"closed","template":"page-templates\/custom_temp.php","meta":{"_mi_skip_tracking":false,"_exactmetrics_sitenote_active":false,"_exactmetrics_sitenote_note":"","_exactmetrics_sitenote_category":0,"footnotes":""},"aioseo_notices":[],"_links":{"self":[{"href":"https:\/\/mytraffictickets.com\/es\/wp-json\/wp\/v2\/pages\/5957"}],"collection":[{"href":"https:\/\/mytraffictickets.com\/es\/wp-json\/wp\/v2\/pages"}],"about":[{"href":"https:\/\/mytraffictickets.com\/es\/wp-json\/wp\/v2\/types\/page"}],"author":[{"embeddable":true,"href":"https:\/\/mytraffictickets.com\/es\/wp-json\/wp\/v2\/users\/3"}],"replies":[{"embeddable":true,"href":"https:\/\/mytraffictickets.com\/es\/wp-json\/wp\/v2\/comments?post=5957"}],"version-history":[{"count":2,"href":"https:\/\/mytraffictickets.com\/es\/wp-json\/wp\/v2\/pages\/5957\/revisions"}],"predecessor-version":[{"id":5959,"href":"https:\/\/mytraffictickets.com\/es\/wp-json\/wp\/v2\/pages\/5957\/revisions\/5959"}],"wp:attachment":[{"href":"https:\/\/mytraffictickets.com\/es\/wp-json\/wp\/v2\/media?parent=5957"}],"curies":[{"name":"wp","href":"https:\/\/api.w.org\/{rel}","templated":true}]}}